{"id":127,"date":"2017-09-24T16:12:11","date_gmt":"2017-09-24T16:12:11","guid":{"rendered":"http:\/\/bebe-haus.ch\/?page_id=127"},"modified":"2021-04-20T17:48:08","modified_gmt":"2021-04-20T17:48:08","slug":"ueber-uns","status":"publish","type":"page","link":"https:\/\/bebe-haus.ch\/?page_id=127","title":{"rendered":"\u00dcber uns"},"content":{"rendered":"<div id=\"dslc-main\">\r\n\t\t<div  class=\"dslc-modules-section \" style=\"background-color:#2675c3;\" data-section-id=\"79209ebe379\">\r\n\t\t\t\t\r\n\t\t\t\t\r\n\t\t\t\t<div class=\"dslc-modules-section-wrapper dslc-clearfix\"><div class=\"dslc-modules-area dslc-col dslc-12-col dslc-last-col dslc-valign- \" data-size=\"12\" data-valign=\"\">\r\n\t\t<div id=\"dslc-module-f81c3763a03\" class=\"dslc-module-front dslc-module-DSLC_Text_Simple dslc-in-viewport-check dslc-in-viewport-anim-none  dslc-col dslc-12-col dslc-last-col  dslc-module-handle-like-regular \" data-module-id=\"f81c3763a03\" data-module=\"DSLC_Text_Simple\" data-dslc-module-size=\"12\" data-dslc-anim=\"none\" data-dslc-anim-delay=\"\" data-dslc-anim-duration=\"650\"  data-dslc-anim-easing=\"ease\" data-dslc-preset=\"none\" >\r\n\r\n\t\t\t\r\n\t\t\t\r\n\t\t\r\n\t\t<div class=\"dslc-text-module-content\">\r\n\t\t\t<h1><strong>\u00dcber uns<\/strong><\/h1>\t\t<\/div>\r\n\r\n\t\t\r\n\t\t\t\t<\/div><!-- .dslc-module -->\r\n\t\t<\/div><\/div><\/div>\r\n\t\t<div  class=\"dslc-modules-section \" style=\"\" data-section-id=\"79209ebe379\">\r\n\t\t\t\t\r\n\t\t\t\t\r\n\t\t\t\t<div class=\"dslc-modules-section-wrapper dslc-clearfix\"><div class=\"dslc-modules-area dslc-col dslc-12-col dslc-last-col dslc-valign- \" data-size=\"12\" data-valign=\"\">\r\n\t\t<div id=\"dslc-module-47eb4b93d25\" class=\"dslc-module-front dslc-module-DSLC_Staff dslc-in-viewport-check dslc-in-viewport-anim-none  dslc-col dslc-12-col dslc-last-col  dslc-module-handle-like-regular \" data-module-id=\"47eb4b93d25\" data-module=\"DSLC_Staff\" data-dslc-module-size=\"12\" data-dslc-anim=\"none\" data-dslc-anim-delay=\"\" data-dslc-anim-duration=\"650\"  data-dslc-anim-easing=\"ease\" data-dslc-preset=\"none\" >\r\n\r\n\t\t\t\r\n\t\t\t\r\n\t\t\t\t<div class=\"dslc-posts dslc-staff dslc-clearfix dslc-init-grid \">\r\n\t\t\t\r\n\t\t\t\r\n\t\t<div class=\"dslc-posts-inner\">\r\n\t<div class=\"dslc-post dslc-staff-member dslc-col dslc-4-col  dslc-first-col\" data-cats=\"\">\r\n\r\n\t\r\n\t\t\t\t\t\t\t\t\r\n\t\t\t\t\t\t\t\t\r\n\t\t\t\t\t\t\t\t\t<div class=\"dslc-post-thumb dslc-staff-member-thumb dslc-on-hover-anim\">\r\n\r\n\t\t\t\t\t\t\t\t\t\t<div class=\"dslc-staff-member-thumb-inner dslca-post-thumb\">\r\n\t\t\t\t\t\t\t\t\t\t\t\t\t\t\t\t\t\t\t\t\t\t\t\t\t\t\t\t\t\t\t\t\t\t\t\t<img width=\"2560\" height=\"1703\" src=\"https:\/\/bebe-haus.ch\/wp-content\/uploads\/2017\/09\/DSC_0908-scaled.jpg\" class=\"attachment-full size-full wp-post-image\" alt=\"\" decoding=\"async\" title=\"DSC_0908\" srcset=\"https:\/\/bebe-haus.ch\/wp-content\/uploads\/2017\/09\/DSC_0908-scaled.jpg 2560w, https:\/\/bebe-haus.ch\/wp-content\/uploads\/2017\/09\/DSC_0908-300x200.jpg 300w, https:\/\/bebe-haus.ch\/wp-content\/uploads\/2017\/09\/DSC_0908-1024x681.jpg 1024w, https:\/\/bebe-haus.ch\/wp-content\/uploads\/2017\/09\/DSC_0908-768x511.jpg 768w, https:\/\/bebe-haus.ch\/wp-content\/uploads\/2017\/09\/DSC_0908-1536x1022.jpg 1536w, https:\/\/bebe-haus.ch\/wp-content\/uploads\/2017\/09\/DSC_0908-2048x1363.jpg 2048w\" sizes=\"(max-width: 2560px) 100vw, 2560px\" \/>\t\t\t\t\t\t\t\t\t\t\t\t\t\t\t\t\t\t\t\t\t\t\t\t\t\t\t\t\t\t\t\t\t<\/div>\r\n\r\n\t\t\t\t\t\t\t\t\t\t\r\n\t\t\t\t\t\t\t\t\t<\/div><!-- .dslc-staff-member-thumb -->\r\n\r\n\t\t\t\t\t\t\t\t\r\n\t\t\t\t\t\t\t\r\n\t\t\t\t\t\t\t\r\n\t\t\t\t\t\t\t\t\r\n\t\t\t\t\t\t\t\t\t<div class=\"dslc-staff-member-social\">\r\n\r\n\t\t\t\t\t\t\t\t\t\t\r\n\t\t\t\t\t\t\t\t\t\t\r\n\t\t\t\t\t\t\t\t\t\t\r\n\t\t\t\t\t\t\t\t\t\t\r\n\t\t\t\t\t\t\t\t\t\t\r\n\t\t\t\t\t\t\t\t\t\t\t\t\t\t\t\t\t\t\t\t\t<a target=\"_self\" href=\"mailto:vonwyl@bebe-haus.ch\"><span class=\"dslc-icon dslc-icon-envelope\"><\/span><\/a>\r\n\t\t\t\t\t\t\t\t\t\t\r\n\t\t\t\t\t\t\t\t\t<\/div><!-- .dslc-staff-member-social -->\r\n\r\n\t\t\t\t\t\t\t\t\r\n\t\t\t\t\t\t\t\r\n\t\t\t\t\t\t\t\r\n\t\t\t\t\t\t\t\t<div class=\"dslc-staff-member-main\">\r\n\r\n\t\t\t\t\t\t\t\t\t\r\n\t\t\t\t\t\t\t\t\t\r\n\t\t\t\t\t\t\t\t\t\t<div class=\"dslc-staff-member-title\">\r\n\t\t\t\t\t\t\t\t\t\t\t\t\t\t\t\t\t\t\t\t\t\t\t<h2>Rita von Wyl<\/h2>\r\n\t\t\t\t\t\t\t\t\t\t\t\t\t\t\t\t\t\t\t\t\t<\/div><!-- .dslc-staff-member-title -->\r\n\r\n\t\t\t\t\t\t\t\t\t\r\n\t\t\t\t\t\t\t\t\t\r\n\t\t\t\t\t\t\t\t\t\t<div class=\"dslc-staff-member-position\">\r\n\t\t\t\t\t\t\t\t\t\t\tGesch\u00e4ftsinhaberin\t\t\t\t\t\t\t\t\t\t<\/div><!-- .dslc-staff-member-position -->\r\n\r\n\t\t\t\t\t\t\t\t\t\r\n\t\t\t\t\t\t\t\t\t\r\n\t\t\t\t\t\t\t\t\t\t<div class=\"dslc-staff-member-excerpt\">\r\n\t\t\t\t\t\t\t\t\t\t\t\t\t\t\t\t\t\t\t\t\t\t\t\t\t\t\t\t\t\t\t\t\t\t\t\t\t\t\t\t\t\t\t\t<\/div><!-- .dslc-staff-member-excerpt -->\r\n\r\n\t\t\t\t\t\t\t\t\t\r\n\t\t\t\t\t\t\t\t<\/div><!-- .dslc-staff-member-main -->\r\n\r\n\t\t\t\t\t\t\t\r\n\t\t\t\t\t\t<\/div><!-- .dslc-staff-member -->\r\n\r\n\t\t\t\t\t\t\r\n\t<div class=\"dslc-post dslc-staff-member dslc-col dslc-4-col \" data-cats=\"\">\r\n\r\n\t\r\n\t\t\t\t\t\t\t\t\r\n\t\t\t\t\t\t\t\t\r\n\t\t\t\t\t\t\t\t\t<div class=\"dslc-post-thumb dslc-staff-member-thumb dslc-on-hover-anim\">\r\n\r\n\t\t\t\t\t\t\t\t\t\t<div class=\"dslc-staff-member-thumb-inner dslca-post-thumb\">\r\n\t\t\t\t\t\t\t\t\t\t\t\t\t\t\t\t\t\t\t\t\t\t\t\t\t\t\t\t\t\t\t\t\t\t\t\t<img width=\"1333\" height=\"1076\" src=\"https:\/\/bebe-haus.ch\/wp-content\/uploads\/2024\/08\/DSC_7618_1.jpeg\" class=\"attachment-full size-full wp-post-image\" alt=\"\" decoding=\"async\" title=\"DSC_7618_1\" srcset=\"https:\/\/bebe-haus.ch\/wp-content\/uploads\/2024\/08\/DSC_7618_1.jpeg 1333w, https:\/\/bebe-haus.ch\/wp-content\/uploads\/2024\/08\/DSC_7618_1-300x242.jpeg 300w, https:\/\/bebe-haus.ch\/wp-content\/uploads\/2024\/08\/DSC_7618_1-1024x827.jpeg 1024w, https:\/\/bebe-haus.ch\/wp-content\/uploads\/2024\/08\/DSC_7618_1-768x620.jpeg 768w\" sizes=\"(max-width: 1333px) 100vw, 1333px\" \/>\t\t\t\t\t\t\t\t\t\t\t\t\t\t\t\t\t\t\t\t\t\t\t\t\t\t\t\t\t\t\t\t\t<\/div>\r\n\r\n\t\t\t\t\t\t\t\t\t\t\r\n\t\t\t\t\t\t\t\t\t<\/div><!-- .dslc-staff-member-thumb -->\r\n\r\n\t\t\t\t\t\t\t\t\r\n\t\t\t\t\t\t\t\r\n\t\t\t\t\t\t\t\r\n\t\t\t\t\t\t\t\t\r\n\t\t\t\t\t\t\t\t\t<div class=\"dslc-staff-member-social\">\r\n\r\n\t\t\t\t\t\t\t\t\t\t\r\n\t\t\t\t\t\t\t\t\t\t\r\n\t\t\t\t\t\t\t\t\t\t\r\n\t\t\t\t\t\t\t\t\t\t\r\n\t\t\t\t\t\t\t\t\t\t\r\n\t\t\t\t\t\t\t\t\t\t\t\t\t\t\t\t\t\t\t\t\t<a target=\"_self\" href=\"vonwyl@bebe-haus.ch\"><span class=\"dslc-icon dslc-icon-envelope\"><\/span><\/a>\r\n\t\t\t\t\t\t\t\t\t\t\r\n\t\t\t\t\t\t\t\t\t<\/div><!-- .dslc-staff-member-social -->\r\n\r\n\t\t\t\t\t\t\t\t\r\n\t\t\t\t\t\t\t\r\n\t\t\t\t\t\t\t\r\n\t\t\t\t\t\t\t\t<div class=\"dslc-staff-member-main\">\r\n\r\n\t\t\t\t\t\t\t\t\t\r\n\t\t\t\t\t\t\t\t\t\r\n\t\t\t\t\t\t\t\t\t\t<div class=\"dslc-staff-member-title\">\r\n\t\t\t\t\t\t\t\t\t\t\t\t\t\t\t\t\t\t\t\t\t\t\t<h2>Liliane Rohrer<\/h2>\r\n\t\t\t\t\t\t\t\t\t\t\t\t\t\t\t\t\t\t\t\t\t<\/div><!-- .dslc-staff-member-title -->\r\n\r\n\t\t\t\t\t\t\t\t\t\r\n\t\t\t\t\t\t\t\t\t\r\n\t\t\t\t\t\t\t\t\t\t<div class=\"dslc-staff-member-position\">\r\n\t\t\t\t\t\t\t\t\t\t\t\t\t\t\t\t\t\t\t\t\t<\/div><!-- .dslc-staff-member-position -->\r\n\r\n\t\t\t\t\t\t\t\t\t\r\n\t\t\t\t\t\t\t\t\t\r\n\t\t\t\t\t\t\t\t\t\t<div class=\"dslc-staff-member-excerpt\">\r\n\t\t\t\t\t\t\t\t\t\t\t\t\t\t\t\t\t\t\t\t\t\t\tLernende &nbsp;\t\t\t\t\t\t\t\t\t\t\t\t\t\t\t\t\t\t\t\t\t<\/div><!-- .dslc-staff-member-excerpt -->\r\n\r\n\t\t\t\t\t\t\t\t\t\r\n\t\t\t\t\t\t\t\t<\/div><!-- .dslc-staff-member-main -->\r\n\r\n\t\t\t\t\t\t\t\r\n\t\t\t\t\t\t<\/div><!-- .dslc-staff-member -->\r\n\r\n\t\t\t\t\t\t\r\n\t<div class=\"dslc-post dslc-staff-member dslc-col dslc-4-col  dslc-last-col\" data-cats=\"\">\r\n\r\n\t\r\n\t\t\t\t\t\t\t\t\r\n\t\t\t\t\t\t\t\t\r\n\t\t\t\t\t\t\t\t\t<div class=\"dslc-post-thumb dslc-staff-member-thumb dslc-on-hover-anim\">\r\n\r\n\t\t\t\t\t\t\t\t\t\t<div class=\"dslc-staff-member-thumb-inner dslca-post-thumb\">\r\n\t\t\t\t\t\t\t\t\t\t\t\t\t\t\t\t\t\t\t\t\t\t\t\t\t\t\t\t\t\t\t\t\t\t\t\t<img width=\"2048\" height=\"1362\" src=\"https:\/\/bebe-haus.ch\/wp-content\/uploads\/2017\/04\/cb3cd664-9ccc-4919-a137-892d78c98a48.jpg\" class=\"attachment-full size-full wp-post-image\" alt=\"\" decoding=\"async\" title=\"cb3cd664-9ccc-4919-a137-892d78c98a48\" srcset=\"https:\/\/bebe-haus.ch\/wp-content\/uploads\/2017\/04\/cb3cd664-9ccc-4919-a137-892d78c98a48.jpg 2048w, https:\/\/bebe-haus.ch\/wp-content\/uploads\/2017\/04\/cb3cd664-9ccc-4919-a137-892d78c98a48-300x200.jpg 300w, https:\/\/bebe-haus.ch\/wp-content\/uploads\/2017\/04\/cb3cd664-9ccc-4919-a137-892d78c98a48-1024x681.jpg 1024w, https:\/\/bebe-haus.ch\/wp-content\/uploads\/2017\/04\/cb3cd664-9ccc-4919-a137-892d78c98a48-768x511.jpg 768w, https:\/\/bebe-haus.ch\/wp-content\/uploads\/2017\/04\/cb3cd664-9ccc-4919-a137-892d78c98a48-1536x1022.jpg 1536w\" sizes=\"(max-width: 2048px) 100vw, 2048px\" \/>\t\t\t\t\t\t\t\t\t\t\t\t\t\t\t\t\t\t\t\t\t\t\t\t\t\t\t\t\t\t\t\t\t<\/div>\r\n\r\n\t\t\t\t\t\t\t\t\t\t\r\n\t\t\t\t\t\t\t\t\t<\/div><!-- .dslc-staff-member-thumb -->\r\n\r\n\t\t\t\t\t\t\t\t\r\n\t\t\t\t\t\t\t\r\n\t\t\t\t\t\t\t\r\n\t\t\t\t\t\t\t\t\r\n\t\t\t\t\t\t\t\t\t<div class=\"dslc-staff-member-social\">\r\n\r\n\t\t\t\t\t\t\t\t\t\t\r\n\t\t\t\t\t\t\t\t\t\t\r\n\t\t\t\t\t\t\t\t\t\t\r\n\t\t\t\t\t\t\t\t\t\t\r\n\t\t\t\t\t\t\t\t\t\t\r\n\t\t\t\t\t\t\t\t\t\t\t\t\t\t\t\t\t\t\t\t\t<a target=\"_self\" href=\"mailto:vonwyl@bebe-haus.ch\"><span class=\"dslc-icon dslc-icon-envelope\"><\/span><\/a>\r\n\t\t\t\t\t\t\t\t\t\t\r\n\t\t\t\t\t\t\t\t\t<\/div><!-- .dslc-staff-member-social -->\r\n\r\n\t\t\t\t\t\t\t\t\r\n\t\t\t\t\t\t\t\r\n\t\t\t\t\t\t\t\r\n\t\t\t\t\t\t\t\t<div class=\"dslc-staff-member-main\">\r\n\r\n\t\t\t\t\t\t\t\t\t\r\n\t\t\t\t\t\t\t\t\t\r\n\t\t\t\t\t\t\t\t\t\t<div class=\"dslc-staff-member-title\">\r\n\t\t\t\t\t\t\t\t\t\t\t\t\t\t\t\t\t\t\t\t\t\t\t<h2>Gaby Odermatt<\/h2>\r\n\t\t\t\t\t\t\t\t\t\t\t\t\t\t\t\t\t\t\t\t\t<\/div><!-- .dslc-staff-member-title -->\r\n\r\n\t\t\t\t\t\t\t\t\t\r\n\t\t\t\t\t\t\t\t\t\r\n\t\t\t\t\t\t\t\t\t\t<div class=\"dslc-staff-member-position\">\r\n\t\t\t\t\t\t\t\t\t\t\tDetailhandels-Fachfrau EFZ\t\t\t\t\t\t\t\t\t\t<\/div><!-- .dslc-staff-member-position -->\r\n\r\n\t\t\t\t\t\t\t\t\t\r\n\t\t\t\t\t\t\t\t\t\r\n\t\t\t\t\t\t\t\t\t\t<div class=\"dslc-staff-member-excerpt\">\r\n\t\t\t\t\t\t\t\t\t\t\t\t\t\t\t\t\t\t\t\t\t\t\tTeilzeit\t\t\t\t\t\t\t\t\t\t\t\t\t\t\t\t\t\t\t\t\t<\/div><!-- .dslc-staff-member-excerpt -->\r\n\r\n\t\t\t\t\t\t\t\t\t\r\n\t\t\t\t\t\t\t\t<\/div><!-- .dslc-staff-member-main -->\r\n\r\n\t\t\t\t\t\t\t\r\n\t\t\t\t\t\t<\/div><!-- .dslc-staff-member -->\r\n\r\n\t\t\t\t\t\t<div class=\"dslc-post-separator\"><\/div>\r\n\t<div class=\"dslc-post dslc-staff-member dslc-col dslc-4-col  dslc-first-col\" data-cats=\"\">\r\n\r\n\t\r\n\t\t\t\t\t\t\t\t\r\n\t\t\t\t\t\t\t\t\r\n\t\t\t\t\t\t\t\t\t<div class=\"dslc-post-thumb dslc-staff-member-thumb dslc-on-hover-anim\">\r\n\r\n\t\t\t\t\t\t\t\t\t\t<div class=\"dslc-staff-member-thumb-inner dslca-post-thumb\">\r\n\t\t\t\t\t\t\t\t\t\t\t\t\t\t\t\t\t\t\t\t\t\t\t\t\t\t\t\t\t\t\t\t\t\t\t\t<img width=\"1620\" height=\"1080\" src=\"https:\/\/bebe-haus.ch\/wp-content\/uploads\/2017\/03\/DSC_1278.jpg\" class=\"attachment-full size-full wp-post-image\" alt=\"\" decoding=\"async\" title=\"DSC_1278\" srcset=\"https:\/\/bebe-haus.ch\/wp-content\/uploads\/2017\/03\/DSC_1278.jpg 1620w, https:\/\/bebe-haus.ch\/wp-content\/uploads\/2017\/03\/DSC_1278-300x200.jpg 300w, https:\/\/bebe-haus.ch\/wp-content\/uploads\/2017\/03\/DSC_1278-1024x683.jpg 1024w, https:\/\/bebe-haus.ch\/wp-content\/uploads\/2017\/03\/DSC_1278-768x512.jpg 768w, https:\/\/bebe-haus.ch\/wp-content\/uploads\/2017\/03\/DSC_1278-1536x1024.jpg 1536w\" sizes=\"(max-width: 1620px) 100vw, 1620px\" \/>\t\t\t\t\t\t\t\t\t\t\t\t\t\t\t\t\t\t\t\t\t\t\t\t\t\t\t\t\t\t\t\t\t<\/div>\r\n\r\n\t\t\t\t\t\t\t\t\t\t\r\n\t\t\t\t\t\t\t\t\t<\/div><!-- .dslc-staff-member-thumb -->\r\n\r\n\t\t\t\t\t\t\t\t\r\n\t\t\t\t\t\t\t\r\n\t\t\t\t\t\t\t\r\n\t\t\t\t\t\t\t\t\r\n\t\t\t\t\t\t\t\t\t<div class=\"dslc-staff-member-social\">\r\n\r\n\t\t\t\t\t\t\t\t\t\t\r\n\t\t\t\t\t\t\t\t\t\t\r\n\t\t\t\t\t\t\t\t\t\t\r\n\t\t\t\t\t\t\t\t\t\t\r\n\t\t\t\t\t\t\t\t\t\t\r\n\t\t\t\t\t\t\t\t\t\t\t\t\t\t\t\t\t\t\t\t\t<a target=\"_self\" href=\"mailto:vonwyl@bebe-haus.ch\"><span class=\"dslc-icon dslc-icon-envelope\"><\/span><\/a>\r\n\t\t\t\t\t\t\t\t\t\t\r\n\t\t\t\t\t\t\t\t\t<\/div><!-- .dslc-staff-member-social -->\r\n\r\n\t\t\t\t\t\t\t\t\r\n\t\t\t\t\t\t\t\r\n\t\t\t\t\t\t\t\r\n\t\t\t\t\t\t\t\t<div class=\"dslc-staff-member-main\">\r\n\r\n\t\t\t\t\t\t\t\t\t\r\n\t\t\t\t\t\t\t\t\t\r\n\t\t\t\t\t\t\t\t\t\t<div class=\"dslc-staff-member-title\">\r\n\t\t\t\t\t\t\t\t\t\t\t\t\t\t\t\t\t\t\t\t\t\t\t<h2>Andrea Elmiger-Widmer<\/h2>\r\n\t\t\t\t\t\t\t\t\t\t\t\t\t\t\t\t\t\t\t\t\t<\/div><!-- .dslc-staff-member-title -->\r\n\r\n\t\t\t\t\t\t\t\t\t\r\n\t\t\t\t\t\t\t\t\t\r\n\t\t\t\t\t\t\t\t\t\t<div class=\"dslc-staff-member-position\">\r\n\t\t\t\t\t\t\t\t\t\t\t\t\t\t\t\t\t\t\t\t\t<\/div><!-- .dslc-staff-member-position -->\r\n\r\n\t\t\t\t\t\t\t\t\t\r\n\t\t\t\t\t\t\t\t\t\r\n\t\t\t\t\t\t\t\t\t\t<div class=\"dslc-staff-member-excerpt\">\r\n\t\t\t\t\t\t\t\t\t\t\t\t\t\t\t\t\t\t\t\t\t\t\tTeilzeit\t\t\t\t\t\t\t\t\t\t\t\t\t\t\t\t\t\t\t\t\t<\/div><!-- .dslc-staff-member-excerpt -->\r\n\r\n\t\t\t\t\t\t\t\t\t\r\n\t\t\t\t\t\t\t\t<\/div><!-- .dslc-staff-member-main -->\r\n\r\n\t\t\t\t\t\t\t\r\n\t\t\t\t\t\t<\/div><!-- .dslc-staff-member -->\r\n\r\n\t\t\t\t\t\t\r\n\t<div class=\"dslc-post dslc-staff-member dslc-col dslc-4-col  dslc-post-no-thumb\" data-cats=\"\">\r\n\r\n\t\r\n\t\t\t\t\t\t\t\t\r\n\t\t\t\t\t\t\t\t\r\n\t\t\t\t\t\t\t\r\n\t\t\t\t\t\t\t\r\n\t\t\t\t\t\t\t\t\r\n\t\t\t\t\t\t\t\t\t<div class=\"dslc-staff-member-social\">\r\n\r\n\t\t\t\t\t\t\t\t\t\t\r\n\t\t\t\t\t\t\t\t\t\t\r\n\t\t\t\t\t\t\t\t\t\t\r\n\t\t\t\t\t\t\t\t\t\t\r\n\t\t\t\t\t\t\t\t\t\t\r\n\t\t\t\t\t\t\t\t\t\t\t\t\t\t\t\t\t\t\t\t\t<a target=\"_self\" href=\"mailto:vonwyl@bebe-haus.ch\"><span class=\"dslc-icon dslc-icon-envelope\"><\/span><\/a>\r\n\t\t\t\t\t\t\t\t\t\t\r\n\t\t\t\t\t\t\t\t\t<\/div><!-- .dslc-staff-member-social -->\r\n\r\n\t\t\t\t\t\t\t\t\r\n\t\t\t\t\t\t\t\r\n\t\t\t\t\t\t\t\r\n\t\t\t\t\t\t\t\t<div class=\"dslc-staff-member-main\">\r\n\r\n\t\t\t\t\t\t\t\t\t\r\n\t\t\t\t\t\t\t\t\t\r\n\t\t\t\t\t\t\t\t\t\t<div class=\"dslc-staff-member-title\">\r\n\t\t\t\t\t\t\t\t\t\t\t\t\t\t\t\t\t\t\t\t\t\t\t<h2>Anita Schmid<\/h2>\r\n\t\t\t\t\t\t\t\t\t\t\t\t\t\t\t\t\t\t\t\t\t<\/div><!-- .dslc-staff-member-title -->\r\n\r\n\t\t\t\t\t\t\t\t\t\r\n\t\t\t\t\t\t\t\t\t\r\n\t\t\t\t\t\t\t\t\t\t<div class=\"dslc-staff-member-position\">\r\n\t\t\t\t\t\t\t\t\t\t\tAnsprechperson Logistik<br> Meiringen <--> Sarnen\t\t\t\t\t\t\t\t\t\t<\/div><!-- .dslc-staff-member-position -->\r\n\r\n\t\t\t\t\t\t\t\t\t\r\n\t\t\t\t\t\t\t\t\t\r\n\t\t\t\t\t\t\t\t\t\t<div class=\"dslc-staff-member-excerpt\">\r\n\t\t\t\t\t\t\t\t\t\t\t\t\t\t\t\t\t\t\t\t\t\t\tTeilzeit &nbsp; &nbsp; &nbsp;\t\t\t\t\t\t\t\t\t\t\t\t\t\t\t\t\t\t\t\t\t<\/div><!-- .dslc-staff-member-excerpt -->\r\n\r\n\t\t\t\t\t\t\t\t\t\r\n\t\t\t\t\t\t\t\t<\/div><!-- .dslc-staff-member-main -->\r\n\r\n\t\t\t\t\t\t\t\r\n\t\t\t\t\t\t<\/div><!-- .dslc-staff-member -->\r\n\r\n\t\t\t\t\t\t<\/div><!-- .dslc-posts-inner -->\r\n\t\t\t\r\n\t\t\t\r\n\t<\/div>\r\n\t\r\n\t\t\t\t<\/div><!-- .dslc-module -->\r\n\t\t<\/div><\/div><\/div>\r\n\t\t<div  class=\"dslc-modules-section \" style=\"\" data-section-id=\"79209ebe379\">\r\n\t\t\t\t\r\n\t\t\t\t\r\n\t\t\t\t<div class=\"dslc-modules-section-wrapper dslc-clearfix\"><div class=\"dslc-modules-area dslc-col dslc-12-col dslc-last-col dslc-valign- \" data-size=\"12\" data-valign=\"\">\r\n\t\t<div id=\"dslc-module-c5a5057189c\" class=\"dslc-module-front dslc-module-DSLC_TP_Gallery_Slider dslc-in-viewport-check dslc-in-viewport-anim-none  dslc-col dslc-5-col  dslc-module-handle-like-regular \" data-module-id=\"c5a5057189c\" data-module=\"DSLC_TP_Gallery_Slider\" data-dslc-module-size=\"5\" data-dslc-anim=\"none\" data-dslc-anim-delay=\"\" data-dslc-anim-duration=\"650\"  data-dslc-anim-easing=\"ease\" data-dslc-preset=\"none\" >\r\n\r\n\t\t\t\r\n\t\t\t\r\n\t\t\r\n\t\t\t<div class=\"dslc-tp-gallery-slider\">\r\n\r\n\t\t\t\t<div class=\"dslc-tp-gallery-slider-main\">\r\n\r\n\t\t\t\t\t<div class=\"dslc-loader\"><\/div>\r\n\r\n\t\t\t\t\t<div class=\"dslc-slider\"  data-animation=\"fade\" data-animation-speed=\"800\" data-autoplay=\"\" data-flexible-height=\"false\">\r\n\r\n\t\t\t\t\t\t<div class=\"dslc-slider-item\"><span class=\"dslc-caption\"><\/span><img class=\"\" src=\"https:\/\/bebe-haus.ch\/wp-content\/uploads\/2018\/02\/Logo-Bebehaus.png\" alt=\"\" title=\"Logo Bebehaus\" srcset=\"https:\/\/bebe-haus.ch\/wp-content\/uploads\/2018\/02\/Logo-Bebehaus.png 312w, https:\/\/bebe-haus.ch\/wp-content\/uploads\/2018\/02\/Logo-Bebehaus-300x152.png 300w\" sizes=\"(max-width: 312px) 100vw, 312px\" \/><\/div>\r\n\t\t\t\t\t\t\t<\/div><!-- .dslc-slider -->\r\n\r\n\t\t\t\t\t\t\t\r\n\t\t\t\t\t\t<\/div><!-- .dslc-tp-gallery-slider-main -->\r\n\r\n\t\t\t\t\t<\/div><!-- .dslc-tp-gallery-slider -->\r\n\r\n\t\t\t\t\r\n\t\t\t\t<\/div><!-- .dslc-module -->\r\n\t\t\r\n\t\t<div id=\"dslc-module-15f990d1921\" class=\"dslc-module-front dslc-module-DSLC_Separator dslc-in-viewport-check dslc-in-viewport-anim-none  dslc-col dslc-1-col  dslc-module-handle-like-regular \" data-module-id=\"15f990d1921\" data-module=\"DSLC_Separator\" data-dslc-module-size=\"1\" data-dslc-anim=\"none\" data-dslc-anim-delay=\"\" data-dslc-anim-duration=\"650\"  data-dslc-anim-easing=\"ease\" data-dslc-preset=\"none\" >\r\n\r\n\t\t\t\r\n\t\t\t\r\n\t\t\t\t\t<div class=\"dslc-separator-wrapper\">\r\n\t\t\t\t<div class=\"dslc-separator dslc-separator-style-invisible\">\r\n\t\t\t\t\t\t\t\t\t<\/div>\r\n\t\t\t\t<div><\/div>\r\n\t\t\t<\/div><!-- .dslc-separator-wrapper -->\r\n\t\t\t\r\n\t\t\t\t<\/div><!-- .dslc-module -->\r\n\t\t\r\n\t\t<div id=\"dslc-module-40568530228\" class=\"dslc-module-front dslc-module-DSLC_Text_Simple dslc-in-viewport-check dslc-in-viewport-anim-none  dslc-col dslc-6-col dslc-last-col  dslc-module-handle-like-regular \" data-module-id=\"40568530228\" data-module=\"DSLC_Text_Simple\" data-dslc-module-size=\"6\" data-dslc-anim=\"none\" data-dslc-anim-delay=\"\" data-dslc-anim-duration=\"650\"  data-dslc-anim-easing=\"ease\" data-dslc-preset=\"none\" >\r\n\r\n\t\t\t\r\n\t\t\t\r\n\t\t\r\n\t\t<div class=\"dslc-text-module-content\">\r\n\t\t\t<p><strong>Sarnen<\/strong><br>1964: Das Fachgesch\u00e4ft Spielwaren und Kinderartikel wurde an der Waagstrasse in Sarnen von Elisabeth und Leopold von Wyl gegr\u00fcndet und er\u00f6ffnet.<\/p><p>1979: Der Bereich Spielwaren wurde an Silvia und Klaus Portmann unter dem Namen \"Gf\u00e4tterli Lad\u00e4\" und sp\u00e4ter \"Portmann Spiel und Freizeitplausch\", \u00fcbertragen und ausgegliedert. Gleichzeitig wurde durch Elisabeth und Leopold das neue Spezialgesch\u00e4ft f\u00fcr B\u00e9b\u00e9artikel, an der Marktstrasse in Sarnen mittels Erweiterungsbau er\u00f6ffnet.<\/p><p>2011: \u00fcbernimmt Rita und Bruno von Wyl das Bebehaus von Wyl und betreibt dieses unter dem bekannten Namen Bebehaus von Wyl. Zus\u00e4tzlich wird der Bereich Mode f\u00fcr Junior angeboten\u00a0<\/p><p>2012: Besetzung erster Lehrstelle als\u00a0Detailhandels-Fachfrau EFZ<\/p><p>2013: wurde die Filiale Meringen unter dem Namen Bebehaus von Wyl er\u00f6ffnet.<\/p><p>2015: Silja Kiser schliesst erfolgreich die Lehre als Detailhandels-Fachfrau EFZ ab.<\/p><p>2018: Nach 5 Jahren, Projektende Filiale Meiringen - Focus auf Sarnen\u00a0<\/p><p>2018: Tamara Schild schliesst erfolgreich die Lehre als Detailhandels-Fachfrau EFZ ab.<\/p>\t\t<\/div>\r\n\r\n\t\t\r\n\t\t\t\t<\/div><!-- .dslc-module -->\r\n\t\t<\/div><\/div><\/div>\r\n\t\t<div  class=\"dslc-modules-section \" style=\"\" data-section-id=\"dv8i8bfe7tg\">\r\n\t\t\t\t\r\n\t\t\t\t\r\n\t\t\t\t<div class=\"dslc-modules-section-wrapper dslc-clearfix\"><div class=\"dslc-modules-area dslc-col dslc-12-col dslc-last-col dslc-valign- \" data-size=\"12\" data-valign=\"\">\r\n\t\t<div id=\"dslc-module-0lg9nmoete\" class=\"dslc-module-front dslc-module-DSLC_Separator dslc-in-viewport-check dslc-in-viewport-anim-none  dslc-col dslc-1-col  dslc-module-handle-like-regular \" data-module-id=\"0lg9nmoete\" data-module=\"DSLC_Separator\" data-dslc-module-size=\"1\" data-dslc-anim=\"none\" data-dslc-anim-delay=\"\" data-dslc-anim-duration=\"650\"  data-dslc-anim-easing=\"ease\" data-dslc-preset=\"none\" >\r\n\r\n\t\t\t\r\n\t\t\t\r\n\t\t\t\t\t<div class=\"dslc-separator-wrapper\">\r\n\t\t\t\t<div class=\"dslc-separator dslc-separator-style-invisible\">\r\n\t\t\t\t\t\t\t\t\t<\/div>\r\n\t\t\t\t<div><\/div>\r\n\t\t\t<\/div><!-- .dslc-separator-wrapper -->\r\n\t\t\t\r\n\t\t\t\t<\/div><!-- .dslc-module -->\r\n\t\t<\/div><\/div><\/div><\/div>","protected":false},"excerpt":{"rendered":"","protected":false},"author":1,"featured_media":0,"parent":0,"menu_order":0,"comment_status":"closed","ping_status":"closed","template":"","meta":{"footnotes":""},"_links":{"self":[{"href":"https:\/\/bebe-haus.ch\/index.php?rest_route=\/wp\/v2\/pages\/127"}],"collection":[{"href":"https:\/\/bebe-haus.ch\/index.php?rest_route=\/wp\/v2\/pages"}],"about":[{"href":"https:\/\/bebe-haus.ch\/index.php?rest_route=\/wp\/v2\/types\/page"}],"author":[{"embeddable":true,"href":"https:\/\/bebe-haus.ch\/index.php?rest_route=\/wp\/v2\/users\/1"}],"replies":[{"embeddable":true,"href":"https:\/\/bebe-haus.ch\/index.php?rest_route=%2Fwp%2Fv2%2Fcomments&post=127"}],"version-history":[{"count":1,"href":"https:\/\/bebe-haus.ch\/index.php?rest_route=\/wp\/v2\/pages\/127\/revisions"}],"predecessor-version":[{"id":128,"href":"https:\/\/bebe-haus.ch\/index.php?rest_route=\/wp\/v2\/pages\/127\/revisions\/128"}],"wp:attachment":[{"href":"https:\/\/bebe-haus.ch\/index.php?rest_route=%2Fwp%2Fv2%2Fmedia&parent=127"}],"curies":[{"name":"wp","href":"https:\/\/api.w.org\/{rel}","templated":true}]}}