{"id":13,"date":"2017-08-16T14:18:54","date_gmt":"2017-08-16T14:18:54","guid":{"rendered":"http:\/\/bebe-haus.ch\/?page_id=13"},"modified":"2026-02-19T15:51:28","modified_gmt":"2026-02-19T15:51:28","slug":"kinderwagen","status":"publish","type":"page","link":"https:\/\/bebe-haus.ch\/?page_id=13","title":{"rendered":"Kinderwagen"},"content":{"rendered":"<div id=\"dslc-main\">\r\n\t\t<div  class=\"dslc-modules-section \" style=\"background-color:#2675c3;\" data-section-id=\"07e5f3d33ea\">\r\n\t\t\t\t\r\n\t\t\t\t\r\n\t\t\t\t<div class=\"dslc-modules-section-wrapper dslc-clearfix\"><div class=\"dslc-modules-area dslc-col dslc-12-col dslc-last-col dslc-valign- \" data-size=\"12\" data-valign=\"\">\r\n\t\t<div id=\"dslc-module-16853bcc165\" class=\"dslc-module-front dslc-module-DSLC_Text_Simple dslc-in-viewport-check dslc-in-viewport-anim-none  dslc-col dslc-12-col dslc-last-col  dslc-module-handle-like-regular \" data-module-id=\"16853bcc165\" data-module=\"DSLC_Text_Simple\" data-dslc-module-size=\"12\" data-dslc-anim=\"none\" data-dslc-anim-delay=\"\" data-dslc-anim-duration=\"650\"  data-dslc-anim-easing=\"ease\" data-dslc-preset=\"none\" >\r\n\r\n\t\t\t\r\n\t\t\t\r\n\t\t\r\n\t\t<div class=\"dslc-text-module-content\">\r\n\t\t\t<h1><strong>Kinderwagen<\/strong><\/h1>\t\t<\/div>\r\n\r\n\t\t\r\n\t\t\t\t<\/div><!-- .dslc-module -->\r\n\t\t<\/div><\/div><\/div>\r\n\t\t<div  class=\"dslc-modules-section \" style=\"\" data-section-id=\"4a716708c46\">\r\n\t\t\t\t\r\n\t\t\t\t\r\n\t\t\t\t<div class=\"dslc-modules-section-wrapper dslc-clearfix\"><div class=\"dslc-modules-area dslc-col dslc-12-col dslc-last-col dslc-valign- \" data-size=\"12\" data-valign=\"\">\r\n\t\t<div id=\"dslc-module-e587877566e\" class=\"dslc-module-front dslc-module-DSLC_Separator dslc-in-viewport-check dslc-in-viewport-anim-none  dslc-col dslc-1-col  dslc-module-handle-like-regular \" data-module-id=\"e587877566e\" data-module=\"DSLC_Separator\" data-dslc-module-size=\"1\" data-dslc-anim=\"none\" data-dslc-anim-delay=\"0\" data-dslc-anim-duration=\"650\"  data-dslc-anim-easing=\"ease\" data-dslc-preset=\"none\" >\r\n\r\n\t\t\t\r\n\t\t\t\r\n\t\t\t\t\t<div class=\"dslc-separator-wrapper\">\r\n\t\t\t\t<div class=\"dslc-separator dslc-separator-style-invisible\">\r\n\t\t\t\t\t\t\t\t\t<\/div>\r\n\t\t\t\t<div><\/div>\r\n\t\t\t<\/div><!-- .dslc-separator-wrapper -->\r\n\t\t\t\r\n\t\t\t\t<\/div><!-- .dslc-module -->\r\n\t\t<\/div><\/div><\/div>\r\n\t\t<div  class=\"dslc-modules-section \" style=\"\" data-section-id=\"07e5f3d33ea\">\r\n\t\t\t\t\r\n\t\t\t\t\r\n\t\t\t\t<div class=\"dslc-modules-section-wrapper dslc-clearfix\"><div class=\"dslc-modules-area dslc-col dslc-12-col dslc-last-col dslc-valign- \" data-size=\"12\" data-valign=\"\">\r\n\t\t<div id=\"dslc-module-171442142ed\" class=\"dslc-module-front dslc-module-DSLC_TP_Gallery_Slider dslc-in-viewport-check dslc-in-viewport-anim-none  dslc-col dslc-5-col  dslc-module-handle-like-regular \" data-module-id=\"171442142ed\" data-module=\"DSLC_TP_Gallery_Slider\" data-dslc-module-size=\"5\" data-dslc-anim=\"none\" data-dslc-anim-delay=\"\" data-dslc-anim-duration=\"650\"  data-dslc-anim-easing=\"ease\" data-dslc-preset=\"none\" >\r\n\r\n\t\t\t\r\n\t\t\t\r\n\t\t\r\n\t\t\t<div class=\"dslc-tp-gallery-slider\">\r\n\r\n\t\t\t\t<div class=\"dslc-tp-gallery-slider-main\">\r\n\r\n\t\t\t\t\t<div class=\"dslc-loader\"><\/div>\r\n\r\n\t\t\t\t\t<div class=\"dslc-slider\"  data-animation=\"fade\" data-animation-speed=\"800\" data-autoplay=\"4500\" data-flexible-height=\"false\">\r\n\r\n\t\t\t\t\t\t<div class=\"dslc-slider-item\"><span class=\"dslc-caption\"><\/span><img class=\"\" src=\"https:\/\/bebe-haus.ch\/wp-content\/uploads\/2017\/11\/Gallery_ProductImage_700x890_5.jpg\" alt=\"\" title=\"Gallery_ProductImage_700x890_5\" srcset=\"https:\/\/bebe-haus.ch\/wp-content\/uploads\/2017\/11\/Gallery_ProductImage_700x890_5.jpg 700w, https:\/\/bebe-haus.ch\/wp-content\/uploads\/2017\/11\/Gallery_ProductImage_700x890_5-236x300.jpg 236w\" sizes=\"(max-width: 700px) 100vw, 700px\" \/><\/div><div class=\"dslc-slider-item\"><span class=\"dslc-caption\"><\/span><img class=\"\" src=\"https:\/\/bebe-haus.ch\/wp-content\/uploads\/2017\/11\/Gallery_ProductImage_700x890_1.jpg\" alt=\"\" title=\"Gallery_ProductImage_700x890_1\" srcset=\"https:\/\/bebe-haus.ch\/wp-content\/uploads\/2017\/11\/Gallery_ProductImage_700x890_1.jpg 700w, https:\/\/bebe-haus.ch\/wp-content\/uploads\/2017\/11\/Gallery_ProductImage_700x890_1-236x300.jpg 236w\" sizes=\"(max-width: 700px) 100vw, 700px\" \/><\/div><div class=\"dslc-slider-item\"><span class=\"dslc-caption\"><\/span><img class=\"\" src=\"https:\/\/bebe-haus.ch\/wp-content\/uploads\/2017\/11\/joie-versatrax-babywannenansicht-731x1024-1.jpg\" alt=\"\" title=\"joie-versatrax-babywannenansicht-731&#215;1024\" srcset=\"https:\/\/bebe-haus.ch\/wp-content\/uploads\/2017\/11\/joie-versatrax-babywannenansicht-731x1024-1.jpg 731w, https:\/\/bebe-haus.ch\/wp-content\/uploads\/2017\/11\/joie-versatrax-babywannenansicht-731x1024-1-214x300.jpg 214w\" sizes=\"(max-width: 731px) 100vw, 731px\" \/><\/div><div class=\"dslc-slider-item\"><span class=\"dslc-caption\"><\/span><img class=\"\" src=\"https:\/\/bebe-haus.ch\/wp-content\/uploads\/2017\/11\/Joie-Versatrax-Laurel.jpg\" alt=\"\" title=\"Joie-Versatrax-Laurel\" srcset=\"https:\/\/bebe-haus.ch\/wp-content\/uploads\/2017\/11\/Joie-Versatrax-Laurel.jpg 1200w, https:\/\/bebe-haus.ch\/wp-content\/uploads\/2017\/11\/Joie-Versatrax-Laurel-208x300.jpg 208w, https:\/\/bebe-haus.ch\/wp-content\/uploads\/2017\/11\/Joie-Versatrax-Laurel-712x1024.jpg 712w, https:\/\/bebe-haus.ch\/wp-content\/uploads\/2017\/11\/Joie-Versatrax-Laurel-768x1105.jpg 768w, https:\/\/bebe-haus.ch\/wp-content\/uploads\/2017\/11\/Joie-Versatrax-Laurel-1067x1536.jpg 1067w\" sizes=\"(max-width: 1200px) 100vw, 1200px\" \/><\/div><div class=\"dslc-slider-item\"><span class=\"dslc-caption\"><\/span><img class=\"\" src=\"https:\/\/bebe-haus.ch\/wp-content\/uploads\/2017\/11\/ECLIPSE_Gallery_ProductImage_1.jpg\" alt=\"\" title=\"ECLIPSE_Gallery_ProductImage_1\" srcset=\"https:\/\/bebe-haus.ch\/wp-content\/uploads\/2017\/11\/ECLIPSE_Gallery_ProductImage_1.jpg 700w, https:\/\/bebe-haus.ch\/wp-content\/uploads\/2017\/11\/ECLIPSE_Gallery_ProductImage_1-236x300.jpg 236w\" sizes=\"(max-width: 700px) 100vw, 700px\" \/><\/div>\r\n\t\t\t\t\t\t\t<\/div><!-- .dslc-slider -->\r\n\r\n\t\t\t\t\t\t\t\r\n\t\t\t\t\t\t<\/div><!-- .dslc-tp-gallery-slider-main -->\r\n\r\n\t\t\t\t\t<\/div><!-- .dslc-tp-gallery-slider -->\r\n\r\n\t\t\t\t\r\n\t\t\t\t<\/div><!-- .dslc-module -->\r\n\t\t\r\n\t\t<div id=\"dslc-module-a5ac410423b\" class=\"dslc-module-front dslc-module-DSLC_Separator dslc-in-viewport-check dslc-in-viewport-anim-none  dslc-col dslc-1-col  dslc-module-handle-like-regular \" data-module-id=\"a5ac410423b\" data-module=\"DSLC_Separator\" data-dslc-module-size=\"1\" data-dslc-anim=\"none\" data-dslc-anim-delay=\"0\" data-dslc-anim-duration=\"650\"  data-dslc-anim-easing=\"ease\" data-dslc-preset=\"none\" >\r\n\r\n\t\t\t\r\n\t\t\t\r\n\t\t\t\t\t<div class=\"dslc-separator-wrapper\">\r\n\t\t\t\t<div class=\"dslc-separator dslc-separator-style-invisible\">\r\n\t\t\t\t\t\t\t\t\t<\/div>\r\n\t\t\t\t<div><\/div>\r\n\t\t\t<\/div><!-- .dslc-separator-wrapper -->\r\n\t\t\t\r\n\t\t\t\t<\/div><!-- .dslc-module -->\r\n\t\t\r\n\t\t<div id=\"dslc-module-523f4151780\" class=\"dslc-module-front dslc-module-DSLC_Text_Simple dslc-in-viewport-check dslc-in-viewport-anim-none  dslc-col dslc-6-col dslc-last-col  dslc-module-handle-like-regular \" data-module-id=\"523f4151780\" data-module=\"DSLC_Text_Simple\" data-dslc-module-size=\"6\" data-dslc-anim=\"none\" data-dslc-anim-delay=\"\" data-dslc-anim-duration=\"650\"  data-dslc-anim-easing=\"ease\" data-dslc-preset=\"none\" >\r\n\r\n\t\t\t\r\n\t\t\t\r\n\t\t\r\n\t\t<div class=\"dslc-text-module-content\">\r\n\t\t\t<p>Die Joie Kombi-Kinderwagen sind ein langj\u00e4hriger Begleiter: Ab Geburt sind sie mit Babywanne und Babyschale kombinierbar, danach verwandeln sie sich in einen Sportwagen und Buggy und k\u00f6nnen so lange verwendet werden.<\/p>\t\t<\/div>\r\n\r\n\t\t\r\n\t\t\t\t<\/div><!-- .dslc-module -->\r\n\t\t<\/div><\/div><\/div>\r\n\t\t<div  class=\"dslc-modules-section \" style=\"\" data-section-id=\"3ff46ef6369\">\r\n\t\t\t\t\r\n\t\t\t\t\r\n\t\t\t\t<div class=\"dslc-modules-section-wrapper dslc-clearfix\"><div class=\"dslc-modules-area dslc-col dslc-12-col dslc-last-col dslc-valign- \" data-size=\"12\" data-valign=\"\">\r\n\t\t<div id=\"dslc-module-f1efbf21fec\" class=\"dslc-module-front dslc-module-DSLC_TP_Gallery_Slider dslc-in-viewport-check dslc-in-viewport-anim-none  dslc-col dslc-5-col  dslc-module-handle-like-regular \" data-module-id=\"f1efbf21fec\" data-module=\"DSLC_TP_Gallery_Slider\" data-dslc-module-size=\"5\" data-dslc-anim=\"none\" data-dslc-anim-delay=\"\" data-dslc-anim-duration=\"650\"  data-dslc-anim-easing=\"ease\" data-dslc-preset=\"none\" >\r\n\r\n\t\t\t\r\n\t\t\t\r\n\t\t\r\n\t\t\t<div class=\"dslc-tp-gallery-slider\">\r\n\r\n\t\t\t\t<div class=\"dslc-tp-gallery-slider-main\">\r\n\r\n\t\t\t\t\t<div class=\"dslc-loader\"><\/div>\r\n\r\n\t\t\t\t\t<div class=\"dslc-slider\"  data-animation=\"fade\" data-animation-speed=\"800\" data-autoplay=\"\" data-flexible-height=\"true\">\r\n\r\n\t\t\t\t\t\t<div class=\"dslc-slider-item\"><span class=\"dslc-caption\"><\/span><img class=\"\" src=\"https:\/\/bebe-haus.ch\/wp-content\/uploads\/2022\/01\/Nuna_MIXXnext_CarryCot_Granite_OP_GL_Web_5b06.jpg\" alt=\"\" title=\"Nuna_MIXXnext_CarryCot_Granite_OP_GL_Web_5b06\" srcset=\"https:\/\/bebe-haus.ch\/wp-content\/uploads\/2022\/01\/Nuna_MIXXnext_CarryCot_Granite_OP_GL_Web_5b06.jpg 730w, https:\/\/bebe-haus.ch\/wp-content\/uploads\/2022\/01\/Nuna_MIXXnext_CarryCot_Granite_OP_GL_Web_5b06-300x300.jpg 300w, https:\/\/bebe-haus.ch\/wp-content\/uploads\/2022\/01\/Nuna_MIXXnext_CarryCot_Granite_OP_GL_Web_5b06-150x150.jpg 150w\" sizes=\"(max-width: 730px) 100vw, 730px\" \/><\/div><div class=\"dslc-slider-item\"><span class=\"dslc-caption\"><\/span><img class=\"\" src=\"https:\/\/bebe-haus.ch\/wp-content\/uploads\/2022\/01\/Nuna_MIXXnext_Granite_Angle_GL_Web_efc0.jpg\" alt=\"\" title=\"Nuna_MIXXnext_Granite_Angle_GL_Web_efc0\" srcset=\"https:\/\/bebe-haus.ch\/wp-content\/uploads\/2022\/01\/Nuna_MIXXnext_Granite_Angle_GL_Web_efc0.jpg 730w, https:\/\/bebe-haus.ch\/wp-content\/uploads\/2022\/01\/Nuna_MIXXnext_Granite_Angle_GL_Web_efc0-300x300.jpg 300w, https:\/\/bebe-haus.ch\/wp-content\/uploads\/2022\/01\/Nuna_MIXXnext_Granite_Angle_GL_Web_efc0-150x150.jpg 150w\" sizes=\"(max-width: 730px) 100vw, 730px\" \/><\/div><div class=\"dslc-slider-item\"><span class=\"dslc-caption\"><\/span><img class=\"\" src=\"https:\/\/bebe-haus.ch\/wp-content\/uploads\/2022\/01\/Nuna_DEMIgrow_Caviar_Carrycot_Profile_Single_GL_Web_6f25.jpg\" alt=\"\" title=\"Nuna_DEMIgrow_Caviar_Carrycot_Profile_Single_GL_Web_6f25\" srcset=\"https:\/\/bebe-haus.ch\/wp-content\/uploads\/2022\/01\/Nuna_DEMIgrow_Caviar_Carrycot_Profile_Single_GL_Web_6f25.jpg 730w, https:\/\/bebe-haus.ch\/wp-content\/uploads\/2022\/01\/Nuna_DEMIgrow_Caviar_Carrycot_Profile_Single_GL_Web_6f25-300x300.jpg 300w, https:\/\/bebe-haus.ch\/wp-content\/uploads\/2022\/01\/Nuna_DEMIgrow_Caviar_Carrycot_Profile_Single_GL_Web_6f25-150x150.jpg 150w\" sizes=\"(max-width: 730px) 100vw, 730px\" \/><\/div><div class=\"dslc-slider-item\"><span class=\"dslc-caption\"><\/span><img class=\"\" src=\"https:\/\/bebe-haus.ch\/wp-content\/uploads\/2022\/01\/Nuna_DEMIgrow_Caviar_Modes_GL_Web_4436.jpg\" alt=\"\" title=\"Nuna_DEMIgrow_Caviar_Modes_GL_Web_4436\" srcset=\"https:\/\/bebe-haus.ch\/wp-content\/uploads\/2022\/01\/Nuna_DEMIgrow_Caviar_Modes_GL_Web_4436.jpg 730w, https:\/\/bebe-haus.ch\/wp-content\/uploads\/2022\/01\/Nuna_DEMIgrow_Caviar_Modes_GL_Web_4436-300x300.jpg 300w, https:\/\/bebe-haus.ch\/wp-content\/uploads\/2022\/01\/Nuna_DEMIgrow_Caviar_Modes_GL_Web_4436-150x150.jpg 150w\" sizes=\"(max-width: 730px) 100vw, 730px\" \/><\/div>\r\n\t\t\t\t\t\t\t<\/div><!-- .dslc-slider -->\r\n\r\n\t\t\t\t\t\t\t\r\n\t\t\t\t\t\t<\/div><!-- .dslc-tp-gallery-slider-main -->\r\n\r\n\t\t\t\t\t<\/div><!-- .dslc-tp-gallery-slider -->\r\n\r\n\t\t\t\t\r\n\t\t\t\t<\/div><!-- .dslc-module -->\r\n\t\t\r\n\t\t<div id=\"dslc-module-e1b7ef22a82\" class=\"dslc-module-front dslc-module-DSLC_Separator dslc-in-viewport-check dslc-in-viewport-anim-none  dslc-col dslc-1-col  dslc-module-handle-like-regular \" data-module-id=\"e1b7ef22a82\" data-module=\"DSLC_Separator\" data-dslc-module-size=\"1\" data-dslc-anim=\"none\" data-dslc-anim-delay=\"0\" data-dslc-anim-duration=\"650\"  data-dslc-anim-easing=\"ease\" data-dslc-preset=\"none\" >\r\n\r\n\t\t\t\r\n\t\t\t\r\n\t\t\t\t\t<div class=\"dslc-separator-wrapper\">\r\n\t\t\t\t<div class=\"dslc-separator dslc-separator-style-invisible\">\r\n\t\t\t\t\t\t\t\t\t<\/div>\r\n\t\t\t\t<div><\/div>\r\n\t\t\t<\/div><!-- .dslc-separator-wrapper -->\r\n\t\t\t\r\n\t\t\t\t<\/div><!-- .dslc-module -->\r\n\t\t\r\n\t\t<div id=\"dslc-module-ad5dd9dec66\" class=\"dslc-module-front dslc-module-DSLC_Text_Simple dslc-in-viewport-check dslc-in-viewport-anim-none  dslc-col dslc-6-col dslc-last-col  dslc-module-handle-like-regular \" data-module-id=\"ad5dd9dec66\" data-module=\"DSLC_Text_Simple\" data-dslc-module-size=\"6\" data-dslc-anim=\"none\" data-dslc-anim-delay=\"\" data-dslc-anim-duration=\"650\"  data-dslc-anim-easing=\"ease\" data-dslc-preset=\"none\" >\r\n\r\n\t\t\t\r\n\t\t\t\r\n\t\t\r\n\t\t<div class=\"dslc-text-module-content\">\r\n\t\t\t<p style=\"text-align: center;\">Der Wunsch eine Familie zu gr\u00fcnden wird immer gr\u00f6sser. Die ewige Liebe und das gemeinsame Leben hat noch einen Platz f\u00fcr ein kleines Familienmitglied. Dann heisst es eine grosse Vorausplanung und viel Zeit f\u00fcr Gedanken zu nehmen. So ein neuer Zuwachs beansprucht viel Platz und viele neue Textilien, M\u00f6bel und alles was dazu geh\u00f6rt. Doch ganz wichtig ist auch der Kinderwagen, welcher zur Grundausstattung geh\u00f6rt. Damit lange Spazierg\u00e4nge und Ausfl\u00fcge in vollen Z\u00fcgen genossen werden k\u00f6nnen, muss nat\u00fcrlich der beste Kinderwagen her. Mit Nuna seid Ihr f\u00fcr das grosse Abenteuer perfekt ausger\u00fcstet.\u00a0<\/p>\t\t<\/div>\r\n\r\n\t\t\r\n\t\t\t\t<\/div><!-- .dslc-module -->\r\n\t\t<\/div><\/div><\/div>\r\n\t\t<div  class=\"dslc-modules-section \" style=\"\" data-section-id=\"3ff46ef6369\">\r\n\t\t\t\t\r\n\t\t\t\t\r\n\t\t\t\t<div class=\"dslc-modules-section-wrapper dslc-clearfix\"><div class=\"dslc-modules-area dslc-col dslc-12-col dslc-last-col dslc-valign- \" data-size=\"12\" data-valign=\"\">\r\n\t\t<div id=\"dslc-module-d3da374ba52\" class=\"dslc-module-front dslc-module-DSLC_Separator dslc-in-viewport-check dslc-in-viewport-anim-none  dslc-col dslc-1-col  dslc-module-handle-like-regular \" data-module-id=\"d3da374ba52\" data-module=\"DSLC_Separator\" data-dslc-module-size=\"1\" data-dslc-anim=\"none\" data-dslc-anim-delay=\"0\" data-dslc-anim-duration=\"650\"  data-dslc-anim-easing=\"ease\" data-dslc-preset=\"none\" >\r\n\r\n\t\t\t\r\n\t\t\t\r\n\t\t\t\t\t<div class=\"dslc-separator-wrapper\">\r\n\t\t\t\t<div class=\"dslc-separator dslc-separator-style-invisible\">\r\n\t\t\t\t\t\t\t\t\t<\/div>\r\n\t\t\t\t<div><\/div>\r\n\t\t\t<\/div><!-- .dslc-separator-wrapper -->\r\n\t\t\t\r\n\t\t\t\t<\/div><!-- .dslc-module -->\r\n\t\t<\/div><\/div><\/div>\r\n\t\t<div  class=\"dslc-modules-section \" style=\"\" data-section-id=\"4a716708c46\">\r\n\t\t\t\t\r\n\t\t\t\t\r\n\t\t\t\t<div class=\"dslc-modules-section-wrapper dslc-clearfix\"><div class=\"dslc-modules-area dslc-col dslc-12-col dslc-last-col dslc-valign- \" data-size=\"12\" data-valign=\"\">\r\n\t\t<div id=\"dslc-module-9252b98deba\" class=\"dslc-module-front dslc-module-DSLC_TP_Gallery_Slider dslc-in-viewport-check dslc-in-viewport-anim-none  dslc-col dslc-5-col  dslc-module-handle-like-regular \" data-module-id=\"9252b98deba\" data-module=\"DSLC_TP_Gallery_Slider\" data-dslc-module-size=\"5\" data-dslc-anim=\"none\" data-dslc-anim-delay=\"\" data-dslc-anim-duration=\"650\"  data-dslc-anim-easing=\"ease\" data-dslc-preset=\"none\" >\r\n\r\n\t\t\t\r\n\t\t\t\r\n\t\t\r\n\t\t\t<div class=\"dslc-tp-gallery-slider\">\r\n\r\n\t\t\t\t<div class=\"dslc-tp-gallery-slider-main\">\r\n\r\n\t\t\t\t\t<div class=\"dslc-loader\"><\/div>\r\n\r\n\t\t\t\t\t<div class=\"dslc-slider\"  data-animation=\"fade\" data-animation-speed=\"800\" data-autoplay=\"\" data-flexible-height=\"true\">\r\n\r\n\t\t\t\t\t\t<div class=\"dslc-slider-item\"><span class=\"dslc-caption\"><\/span><img class=\"\" src=\"https:\/\/bebe-haus.ch\/wp-content\/uploads\/2017\/11\/hartan-kinderwagen-viva-gtr-mit-falttasche.jpg\" alt=\"\" title=\"hartan-kinderwagen-viva-gtr-mit-falttasche\" srcset=\"https:\/\/bebe-haus.ch\/wp-content\/uploads\/2017\/11\/hartan-kinderwagen-viva-gtr-mit-falttasche.jpg 503w, https:\/\/bebe-haus.ch\/wp-content\/uploads\/2017\/11\/hartan-kinderwagen-viva-gtr-mit-falttasche-240x300.jpg 240w\" sizes=\"(max-width: 503px) 100vw, 503px\" \/><\/div><div class=\"dslc-slider-item\"><span class=\"dslc-caption\"><\/span><img class=\"\" src=\"https:\/\/bebe-haus.ch\/wp-content\/uploads\/2017\/11\/hartan-kinderwagen-viva-gtr-sportwagen.jpg\" alt=\"\" title=\"hartan-kinderwagen-viva-gtr-sportwagen\" srcset=\"https:\/\/bebe-haus.ch\/wp-content\/uploads\/2017\/11\/hartan-kinderwagen-viva-gtr-sportwagen.jpg 503w, https:\/\/bebe-haus.ch\/wp-content\/uploads\/2017\/11\/hartan-kinderwagen-viva-gtr-sportwagen-240x300.jpg 240w\" sizes=\"(max-width: 503px) 100vw, 503px\" \/><\/div><div class=\"dslc-slider-item\"><span class=\"dslc-caption\"><\/span><img class=\"\" src=\"https:\/\/bebe-haus.ch\/wp-content\/uploads\/2017\/11\/hartan-kinderwagen-racer-gts-mit-falttasche-1.jpg\" alt=\"\" title=\"hartan-kinderwagen-racer-gts-mit-falttasche\" srcset=\"https:\/\/bebe-haus.ch\/wp-content\/uploads\/2017\/11\/hartan-kinderwagen-racer-gts-mit-falttasche-1.jpg 503w, https:\/\/bebe-haus.ch\/wp-content\/uploads\/2017\/11\/hartan-kinderwagen-racer-gts-mit-falttasche-1-240x300.jpg 240w\" sizes=\"(max-width: 503px) 100vw, 503px\" \/><\/div><div class=\"dslc-slider-item\"><span class=\"dslc-caption\"><\/span><img class=\"\" src=\"https:\/\/bebe-haus.ch\/wp-content\/uploads\/2017\/11\/hartan-kinderwagen-racer-gts-sportwagen-1.jpg\" alt=\"\" title=\"hartan-kinderwagen-racer-gts-sportwagen\" srcset=\"https:\/\/bebe-haus.ch\/wp-content\/uploads\/2017\/11\/hartan-kinderwagen-racer-gts-sportwagen-1.jpg 503w, https:\/\/bebe-haus.ch\/wp-content\/uploads\/2017\/11\/hartan-kinderwagen-racer-gts-sportwagen-1-240x300.jpg 240w\" sizes=\"(max-width: 503px) 100vw, 503px\" \/><\/div><div class=\"dslc-slider-item\"><span class=\"dslc-caption\"><\/span><img class=\"\" src=\"https:\/\/bebe-haus.ch\/wp-content\/uploads\/2017\/11\/hartan-kinderwagen-racer-gtx-sonnenblende.jpg\" alt=\"\" title=\"hartan-kinderwagen-racer-gtx-sonnenblende\" srcset=\"https:\/\/bebe-haus.ch\/wp-content\/uploads\/2017\/11\/hartan-kinderwagen-racer-gtx-sonnenblende.jpg 503w, https:\/\/bebe-haus.ch\/wp-content\/uploads\/2017\/11\/hartan-kinderwagen-racer-gtx-sonnenblende-240x300.jpg 240w\" sizes=\"(max-width: 503px) 100vw, 503px\" \/><\/div>\r\n\t\t\t\t\t\t\t<\/div><!-- .dslc-slider -->\r\n\r\n\t\t\t\t\t\t\t\r\n\t\t\t\t\t\t<\/div><!-- .dslc-tp-gallery-slider-main -->\r\n\r\n\t\t\t\t\t<\/div><!-- .dslc-tp-gallery-slider -->\r\n\r\n\t\t\t\t\r\n\t\t\t\t<\/div><!-- .dslc-module -->\r\n\t\t\r\n\t\t<div id=\"dslc-module-d8c3bff48c1\" class=\"dslc-module-front dslc-module-DSLC_Separator dslc-in-viewport-check dslc-in-viewport-anim-none  dslc-col dslc-1-col  dslc-module-handle-like-regular \" data-module-id=\"d8c3bff48c1\" data-module=\"DSLC_Separator\" data-dslc-module-size=\"1\" data-dslc-anim=\"none\" data-dslc-anim-delay=\"0\" data-dslc-anim-duration=\"650\"  data-dslc-anim-easing=\"ease\" data-dslc-preset=\"none\" >\r\n\r\n\t\t\t\r\n\t\t\t\r\n\t\t\t\t\t<div class=\"dslc-separator-wrapper\">\r\n\t\t\t\t<div class=\"dslc-separator dslc-separator-style-invisible\">\r\n\t\t\t\t\t\t\t\t\t<\/div>\r\n\t\t\t\t<div><\/div>\r\n\t\t\t<\/div><!-- .dslc-separator-wrapper -->\r\n\t\t\t\r\n\t\t\t\t<\/div><!-- .dslc-module -->\r\n\t\t\r\n\t\t<div id=\"dslc-module-282cc7ebdba\" class=\"dslc-module-front dslc-module-DSLC_Text_Simple dslc-in-viewport-check dslc-in-viewport-anim-none  dslc-col dslc-6-col dslc-last-col  dslc-module-handle-like-regular \" data-module-id=\"282cc7ebdba\" data-module=\"DSLC_Text_Simple\" data-dslc-module-size=\"6\" data-dslc-anim=\"none\" data-dslc-anim-delay=\"\" data-dslc-anim-duration=\"650\"  data-dslc-anim-easing=\"ease\" data-dslc-preset=\"none\" >\r\n\r\n\t\t\t\r\n\t\t\t\r\n\t\t\r\n\t\t<div class=\"dslc-text-module-content\">\r\n\t\t\t<h1 style=\"text-align: center;\">Hartan<\/h1><p style=\"text-align: center;\">Wenn Sie Ihrem Baby den Start ins Leben so komfortabel wie m\u00f6glich gestalten m\u00f6chten, dann ist ein Hartan Kinderwagen genau das Richtige! Die in Deutschland entwickelt und gefertigten Wagen erf\u00fcllen h\u00f6chste Anforderungen in puncto Sicherheit, Qualit\u00e4t und Design und \u00fcberzeugen damit seit mehreren Generationen Jung und Alt. Nicht umsonst wurde Hartan daher auch als \"Marke des Jahrhunderts\" ausgezeichnet, was bedeutet, dass Hartan auch eine qualifizierte Jury von der Qualit\u00e4t ihrer Produkte absolut \u00fcberzeugen kann.<br>Das liegt nicht zuletzt an den hochwertigen und sicherheitsgepr\u00fcften Textilien, welche Hartan f\u00fcr die Herstellung jedes seiner Modelle verwendet.<br>Hartan setzt auf Sicherheit und Komfort f\u00fcr Ihr Baby. Dies wird unter anderem durch die bis ins kleinste Detail ausgereiften Sicherheitsgurte sowie durch das Vorhandensein von Reflektoren an jedem Kinderwagen garantiert.<br>Sinnvolles und praktischen Zubeh\u00f6r, wie Sonnenschirme oder Sonnensegel, welche f\u00fcr jeden Wagen dazu gekauft werden k\u00f6nnen, \u00fcberzeugen durch h\u00f6chste\u00a0 Qualit\u00e4t und sch\u00fctzen Ihr Kind, dank hohem UV-Schutz, ausreichend vor Sonne und Sonnenbrand, aber auch vor N\u00e4sse bei Regen.<\/p>\t\t<\/div>\r\n\r\n\t\t\r\n\t\t\t\t<\/div><!-- .dslc-module -->\r\n\t\t<\/div><\/div><\/div>\r\n\t\t<div  class=\"dslc-modules-section \" style=\"\" data-section-id=\"07e5f3d33ea\">\r\n\t\t\t\t\r\n\t\t\t\t\r\n\t\t\t\t<div class=\"dslc-modules-section-wrapper dslc-clearfix\"><div class=\"dslc-modules-area dslc-col dslc-12-col dslc-last-col dslc-valign- \" data-size=\"12\" data-valign=\"\">\r\n\t\t<div id=\"dslc-module-9ba4fe79fb1\" class=\"dslc-module-front dslc-module-DSLC_Text_Simple dslc-in-viewport-check dslc-in-viewport-anim-none  dslc-col dslc-12-col dslc-last-col  dslc-module-handle-like-regular \" data-module-id=\"9ba4fe79fb1\" data-module=\"DSLC_Text_Simple\" data-dslc-module-size=\"12\" data-dslc-anim=\"none\" data-dslc-anim-delay=\"\" data-dslc-anim-duration=\"650\"  data-dslc-anim-easing=\"ease\" data-dslc-preset=\"none\" >\r\n\r\n\t\t\t\r\n\t\t\t\r\n\t\t\r\n\t\t<div class=\"dslc-text-module-content\">\r\n\t\t\t<h1><strong> Top Anbieter<\/strong><\/h1>\t\t<\/div>\r\n\r\n\t\t\r\n\t\t\t\t<\/div><!-- .dslc-module -->\r\n\t\t\r\n\t\t<div id=\"dslc-module-d53a09f6a95\" class=\"dslc-module-front dslc-module-DSLC_Separator dslc-in-viewport-check dslc-in-viewport-anim-none  dslc-col dslc-12-col dslc-last-col  dslc-module-handle-like-regular \" data-module-id=\"d53a09f6a95\" data-module=\"DSLC_Separator\" data-dslc-module-size=\"12\" data-dslc-anim=\"none\" data-dslc-anim-delay=\"0\" data-dslc-anim-duration=\"650\"  data-dslc-anim-easing=\"ease\" data-dslc-preset=\"none\" >\r\n\r\n\t\t\t\r\n\t\t\t\r\n\t\t\t\t\t<div class=\"dslc-separator-wrapper\">\r\n\t\t\t\t<div class=\"dslc-separator dslc-separator-style-invisible\">\r\n\t\t\t\t\t\t\t\t\t<\/div>\r\n\t\t\t\t<div><\/div>\r\n\t\t\t<\/div><!-- .dslc-separator-wrapper -->\r\n\t\t\t\r\n\t\t\t\t<\/div><!-- .dslc-module -->\r\n\t\t\r\n\t\t<div id=\"dslc-module-d06d156c85a\" class=\"dslc-module-front dslc-module-DSLC_Partners dslc-in-viewport-check dslc-in-viewport-anim-none  dslc-col dslc-12-col dslc-last-col  dslc-module-handle-like-regular \" data-module-id=\"d06d156c85a\" data-module=\"DSLC_Partners\" data-dslc-module-size=\"12\" data-dslc-anim=\"none\" data-dslc-anim-delay=\"\" data-dslc-anim-duration=\"650\"  data-dslc-anim-easing=\"ease\" data-dslc-preset=\"none\" >\r\n\r\n\t\t\t\r\n\t\t\t\r\n\t\t\t\t<div class=\"dslc-posts dslc-partners dslc-clearfix dslc-posts-orientation-vertical dslc-init-grid \">\r\n\r\n\t\t\t\r\n\t\t<div class=\"dslc-posts-inner\">\r\n\t<div class=\"dslc-post dslc-partner dslc-col dslc-2-col  dslc-first-col\" data-cats=\"autositze kinderwagen \">\r\n\r\n\t\r\n\t\t\t\t\t\t\t\t\r\n\t\t\t\t\t\t\t\t\r\n\t\t\t\t\t\t\t\t\t<div class=\"dslc-post-thumb dslc-partner-thumb dslca-post-thumb dslc-on-hover-anim\">\r\n\t\t\t\t\t\t\t\t\t\t\r\n\t\t\t\t\t\t\t\t\t\t\t\t\t\t\t\t\t\t\t\t\t\t\t\t\t\t\t\t\t\t\t\t\t<a href=\"#\" class=\"\" target=\"_self\"><img width=\"1838\" height=\"762\" src=\"https:\/\/bebe-haus.ch\/wp-content\/uploads\/2018\/02\/joie_notab_mango.png\" class=\"attachment-full size-full wp-post-image\" alt=\"\" decoding=\"async\" title=\"joie_notab_mango\" srcset=\"https:\/\/bebe-haus.ch\/wp-content\/uploads\/2018\/02\/joie_notab_mango.png 1838w, https:\/\/bebe-haus.ch\/wp-content\/uploads\/2018\/02\/joie_notab_mango-300x124.png 300w, https:\/\/bebe-haus.ch\/wp-content\/uploads\/2018\/02\/joie_notab_mango-768x318.png 768w, https:\/\/bebe-haus.ch\/wp-content\/uploads\/2018\/02\/joie_notab_mango-1024x425.png 1024w\" sizes=\"(max-width: 1838px) 100vw, 1838px\" \/><\/a>\r\n\t\t\t\t\t\t\t\t\t\t\t\t\t\t\t\t\t\t\t\t\t\r\n\t\t\t\t\t\t\t\t\t\t\r\n\t\t\t\t\t\t\t\t\t<\/div><!-- .dslc-partner-thumb -->\r\n\r\n\t\t\t\t\t\t\t\t\r\n\t\t\t\t\t\t\t\r\n\t\t\t\t\t\t\t\r\n\t\t\t\t\t\t<\/div><!-- .dslc-partner -->\r\n\r\n\t\t\t\t\t\t\r\n\t\t\t<\/div><!-- .dslc-posts-inner -->\r\n\r\n\t\t\t\r\n\t\t\t<\/div><!-- .dslc-partners -->\r\n\r\n\t\t\r\n\t\r\n\t\t\t\t<\/div><!-- .dslc-module -->\r\n\t\t<\/div><\/div><\/div><\/div><input type=\"hidden\" id=\"dslca-post-data-thumb\" value=\"https:\/\/bebe-haus.ch\/wp-content\/uploads\/2026\/02\/image.png\" \/>","protected":false},"excerpt":{"rendered":"","protected":false},"author":1,"featured_media":1023,"parent":0,"menu_order":0,"comment_status":"closed","ping_status":"closed","template":"","meta":{"footnotes":""},"_links":{"self":[{"href":"https:\/\/bebe-haus.ch\/index.php?rest_route=\/wp\/v2\/pages\/13"}],"collection":[{"href":"https:\/\/bebe-haus.ch\/index.php?rest_route=\/wp\/v2\/pages"}],"about":[{"href":"https:\/\/bebe-haus.ch\/index.php?rest_route=\/wp\/v2\/types\/page"}],"author":[{"embeddable":true,"href":"https:\/\/bebe-haus.ch\/index.php?rest_route=\/wp\/v2\/users\/1"}],"replies":[{"embeddable":true,"href":"https:\/\/bebe-haus.ch\/index.php?rest_route=%2Fwp%2Fv2%2Fcomments&post=13"}],"version-history":[{"count":2,"href":"https:\/\/bebe-haus.ch\/index.php?rest_route=\/wp\/v2\/pages\/13\/revisions"}],"predecessor-version":[{"id":1025,"href":"https:\/\/bebe-haus.ch\/index.php?rest_route=\/wp\/v2\/pages\/13\/revisions\/1025"}],"wp:featuredmedia":[{"embeddable":true,"href":"https:\/\/bebe-haus.ch\/index.php?rest_route=\/wp\/v2\/media\/1023"}],"wp:attachment":[{"href":"https:\/\/bebe-haus.ch\/index.php?rest_route=%2Fwp%2Fv2%2Fmedia&parent=13"}],"curies":[{"name":"wp","href":"https:\/\/api.w.org\/{rel}","templated":true}]}}