{"id":21,"date":"2017-08-16T14:21:04","date_gmt":"2017-08-16T14:21:04","guid":{"rendered":"http:\/\/bebe-haus.ch\/?page_id=21"},"modified":"2017-09-24T16:01:19","modified_gmt":"2017-09-24T16:01:19","slug":"moebel","status":"publish","type":"page","link":"https:\/\/bebe-haus.ch\/?page_id=21","title":{"rendered":"M\u00f6bel"},"content":{"rendered":"<div id=\"dslc-main\">\r\n\t\t<div  class=\"dslc-modules-section \" style=\"background-color:#2675c3;\" data-section-id=\"8aeac83de69\">\r\n\t\t\t\t\r\n\t\t\t\t\r\n\t\t\t\t<div class=\"dslc-modules-section-wrapper dslc-clearfix\"><div class=\"dslc-modules-area dslc-col dslc-12-col dslc-last-col\" data-size=\"12\" data-valign=\"\">\r\n\t\t<div id=\"dslc-module-79ad7ec69f0\" class=\"dslc-module-front dslc-module-DSLC_Text_Simple dslc-in-viewport-check dslc-in-viewport-anim-none  dslc-col dslc-12-col dslc-last-col  dslc-module-handle-like-regular \" data-module-id=\"79ad7ec69f0\" data-module=\"DSLC_Text_Simple\" data-dslc-module-size=\"12\" data-dslc-anim=\"none\" data-dslc-anim-delay=\"\" data-dslc-anim-duration=\"650\"  data-dslc-anim-easing=\"ease\" data-dslc-preset=\"none\" >\r\n\r\n\t\t\t\r\n\t\t\t\r\n\t\t\r\n\t\t<div class=\"dslc-text-module-content\">\r\n\t\t\t<h1><strong>M\u00f6bel<\/strong><\/h1>\t\t<\/div>\r\n\r\n\t\t\r\n\t\t\t\t<\/div><!-- .dslc-module -->\r\n\t\t<\/div><\/div><\/div>\r\n\t\t<div  class=\"dslc-modules-section \" style=\"\" data-section-id=\"8aeac83de69\">\r\n\t\t\t\t\r\n\t\t\t\t\r\n\t\t\t\t<div class=\"dslc-modules-section-wrapper dslc-clearfix\"><div class=\"dslc-modules-area dslc-col dslc-12-col dslc-last-col\" data-size=\"12\" data-valign=\"\">\r\n\t\t<div id=\"dslc-module-a138d30e5f0\" class=\"dslc-module-front dslc-module-DSLC_TP_Gallery_Slider dslc-in-viewport-check dslc-in-viewport-anim-none  dslc-col dslc-5-col  dslc-module-handle-like-regular \" data-module-id=\"a138d30e5f0\" data-module=\"DSLC_TP_Gallery_Slider\" data-dslc-module-size=\"5\" data-dslc-anim=\"none\" data-dslc-anim-delay=\"\" data-dslc-anim-duration=\"650\"  data-dslc-anim-easing=\"ease\" data-dslc-preset=\"none\" >\r\n\r\n\t\t\t\r\n\t\t\t\r\n\t\t\r\n\t\t\t<div class=\"dslc-tp-gallery-slider\">\r\n\r\n\t\t\t\t<div class=\"dslc-tp-gallery-slider-main\">\r\n\r\n\t\t\t\t\t<div class=\"dslc-loader\"><\/div>\r\n\r\n\t\t\t\t\t<div class=\"dslc-slider\"  data-animation=\"fade\" data-animation-speed=\"800\" data-autoplay=\"4500\" data-flexible-height=\"false\">\r\n\r\n\t\t\t\t\t\t<div class=\"dslc-slider-item\"><span class=\"dslc-caption\"><\/span><img class=\"\" src=\"https:\/\/bebe-haus.ch\/wp-content\/uploads\/2018\/02\/QUAX-1181-scaled.jpg\" alt=\"\" title=\"QUAX-1181\" srcset=\"https:\/\/bebe-haus.ch\/wp-content\/uploads\/2018\/02\/QUAX-1181-scaled.jpg 1707w, https:\/\/bebe-haus.ch\/wp-content\/uploads\/2018\/02\/QUAX-1181-200x300.jpg 200w, https:\/\/bebe-haus.ch\/wp-content\/uploads\/2018\/02\/QUAX-1181-683x1024.jpg 683w, https:\/\/bebe-haus.ch\/wp-content\/uploads\/2018\/02\/QUAX-1181-768x1152.jpg 768w, https:\/\/bebe-haus.ch\/wp-content\/uploads\/2018\/02\/QUAX-1181-1024x1536.jpg 1024w, https:\/\/bebe-haus.ch\/wp-content\/uploads\/2018\/02\/QUAX-1181-1365x2048.jpg 1365w\" sizes=\"(max-width: 1707px) 100vw, 1707px\" \/><\/div><div class=\"dslc-slider-item\"><span class=\"dslc-caption\"><\/span><img class=\"\" src=\"https:\/\/bebe-haus.ch\/wp-content\/uploads\/2018\/02\/3c814d0f332318c39318e615e69da8e2.quax-kinderschaukelstuhl-schaukelstuhl-wohnzimmer.jpg\" alt=\"\" title=\"3c814d0f332318c39318e615e69da8e2.quax-kinderschaukelstuhl-schaukelstuhl-wohnzimmer\" srcset=\"https:\/\/bebe-haus.ch\/wp-content\/uploads\/2018\/02\/3c814d0f332318c39318e615e69da8e2.quax-kinderschaukelstuhl-schaukelstuhl-wohnzimmer.jpg 1500w, https:\/\/bebe-haus.ch\/wp-content\/uploads\/2018\/02\/3c814d0f332318c39318e615e69da8e2.quax-kinderschaukelstuhl-schaukelstuhl-wohnzimmer-300x300.jpg 300w, https:\/\/bebe-haus.ch\/wp-content\/uploads\/2018\/02\/3c814d0f332318c39318e615e69da8e2.quax-kinderschaukelstuhl-schaukelstuhl-wohnzimmer-1024x1024.jpg 1024w, https:\/\/bebe-haus.ch\/wp-content\/uploads\/2018\/02\/3c814d0f332318c39318e615e69da8e2.quax-kinderschaukelstuhl-schaukelstuhl-wohnzimmer-150x150.jpg 150w, https:\/\/bebe-haus.ch\/wp-content\/uploads\/2018\/02\/3c814d0f332318c39318e615e69da8e2.quax-kinderschaukelstuhl-schaukelstuhl-wohnzimmer-768x768.jpg 768w\" sizes=\"(max-width: 1500px) 100vw, 1500px\" \/><\/div><div class=\"dslc-slider-item\"><span class=\"dslc-caption\"><\/span><img class=\"\" src=\"https:\/\/bebe-haus.ch\/wp-content\/uploads\/2018\/02\/1394106382.jpg\" alt=\"\" title=\"1394106382\" srcset=\"https:\/\/bebe-haus.ch\/wp-content\/uploads\/2018\/02\/1394106382.jpg 1028w, https:\/\/bebe-haus.ch\/wp-content\/uploads\/2018\/02\/1394106382-300x212.jpg 300w, https:\/\/bebe-haus.ch\/wp-content\/uploads\/2018\/02\/1394106382-768x543.jpg 768w, https:\/\/bebe-haus.ch\/wp-content\/uploads\/2018\/02\/1394106382-1024x724.jpg 1024w\" sizes=\"(max-width: 1028px) 100vw, 1028px\" \/><\/div><div class=\"dslc-slider-item\"><span class=\"dslc-caption\"><\/span><img class=\"\" src=\"https:\/\/bebe-haus.ch\/wp-content\/uploads\/2018\/02\/kinderzimmer-kinderzimmerm\u00f6bel-kinderm\u00f6bel-bettrahmen-kaj\u00fctenbett-korpusm\u00f6bel-schrank-dreht\u00fcrenschrank-kleinm\u00f6bel-omlin.jpg\" alt=\"\" title=\"kinderzimmer-kinderzimmerm\u00f6bel-kinderm\u00f6bel-bettrahmen-kaj\u00fctenbett-korpusm\u00f6bel-schrank-dreht\u00fcrenschrank-kleinm\u00f6bel-omlin\" srcset=\"https:\/\/bebe-haus.ch\/wp-content\/uploads\/2018\/02\/kinderzimmer-kinderzimmerm\u00f6bel-kinderm\u00f6bel-bettrahmen-kaj\u00fctenbett-korpusm\u00f6bel-schrank-dreht\u00fcrenschrank-kleinm\u00f6bel-omlin.jpg 910w, https:\/\/bebe-haus.ch\/wp-content\/uploads\/2018\/02\/kinderzimmer-kinderzimmerm\u00f6bel-kinderm\u00f6bel-bettrahmen-kaj\u00fctenbett-korpusm\u00f6bel-schrank-dreht\u00fcrenschrank-kleinm\u00f6bel-omlin-300x166.jpg 300w, https:\/\/bebe-haus.ch\/wp-content\/uploads\/2018\/02\/kinderzimmer-kinderzimmerm\u00f6bel-kinderm\u00f6bel-bettrahmen-kaj\u00fctenbett-korpusm\u00f6bel-schrank-dreht\u00fcrenschrank-kleinm\u00f6bel-omlin-768x425.jpg 768w\" sizes=\"(max-width: 910px) 100vw, 910px\" \/><\/div><div class=\"dslc-slider-item\"><span class=\"dslc-caption\"><\/span><img class=\"\" src=\"https:\/\/bebe-haus.ch\/wp-content\/uploads\/2018\/02\/omlin_kinderzimmer_kunstharz_holz_rosa_colorfun_2.jpg\" alt=\"\" title=\"omlin_kinderzimmer_kunstharz_holz_rosa_colorfun_2\" srcset=\"https:\/\/bebe-haus.ch\/wp-content\/uploads\/2018\/02\/omlin_kinderzimmer_kunstharz_holz_rosa_colorfun_2.jpg 1600w, https:\/\/bebe-haus.ch\/wp-content\/uploads\/2018\/02\/omlin_kinderzimmer_kunstharz_holz_rosa_colorfun_2-300x169.jpg 300w, https:\/\/bebe-haus.ch\/wp-content\/uploads\/2018\/02\/omlin_kinderzimmer_kunstharz_holz_rosa_colorfun_2-768x432.jpg 768w, https:\/\/bebe-haus.ch\/wp-content\/uploads\/2018\/02\/omlin_kinderzimmer_kunstharz_holz_rosa_colorfun_2-1024x576.jpg 1024w\" sizes=\"(max-width: 1600px) 100vw, 1600px\" \/><\/div><div class=\"dslc-slider-item\"><span class=\"dslc-caption\"><\/span><img class=\"\" src=\"https:\/\/bebe-haus.ch\/wp-content\/uploads\/2018\/02\/omlin_14.jpg\" alt=\"\" title=\"omlin_14\" srcset=\"https:\/\/bebe-haus.ch\/wp-content\/uploads\/2018\/02\/omlin_14.jpg 1008w, https:\/\/bebe-haus.ch\/wp-content\/uploads\/2018\/02\/omlin_14-300x195.jpg 300w, https:\/\/bebe-haus.ch\/wp-content\/uploads\/2018\/02\/omlin_14-768x500.jpg 768w\" sizes=\"(max-width: 1008px) 100vw, 1008px\" \/><\/div><div class=\"dslc-slider-item\"><span class=\"dslc-caption\"><\/span><img class=\"\" src=\"https:\/\/bebe-haus.ch\/wp-content\/uploads\/2018\/02\/stokke_zeitleiste.jpg\" alt=\"\" title=\"stokke_zeitleiste\" srcset=\"https:\/\/bebe-haus.ch\/wp-content\/uploads\/2018\/02\/stokke_zeitleiste.jpg 1052w, https:\/\/bebe-haus.ch\/wp-content\/uploads\/2018\/02\/stokke_zeitleiste-300x114.jpg 300w, https:\/\/bebe-haus.ch\/wp-content\/uploads\/2018\/02\/stokke_zeitleiste-1024x389.jpg 1024w, https:\/\/bebe-haus.ch\/wp-content\/uploads\/2018\/02\/stokke_zeitleiste-768x292.jpg 768w\" sizes=\"(max-width: 1052px) 100vw, 1052px\" \/><\/div><div class=\"dslc-slider-item\"><span class=\"dslc-caption\"><\/span><img class=\"\" src=\"https:\/\/bebe-haus.ch\/wp-content\/uploads\/2018\/02\/l_auto-close-gate-with-arrow-closing.jpg\" alt=\"\" title=\"l_auto-close gate with arrow closing\" srcset=\"https:\/\/bebe-haus.ch\/wp-content\/uploads\/2018\/02\/l_auto-close-gate-with-arrow-closing.jpg 400w, https:\/\/bebe-haus.ch\/wp-content\/uploads\/2018\/02\/l_auto-close-gate-with-arrow-closing-300x300.jpg 300w, https:\/\/bebe-haus.ch\/wp-content\/uploads\/2018\/02\/l_auto-close-gate-with-arrow-closing-150x150.jpg 150w\" sizes=\"(max-width: 400px) 100vw, 400px\" \/><\/div><div class=\"dslc-slider-item\"><span class=\"dslc-caption\"><\/span><img class=\"\" src=\"https:\/\/bebe-haus.ch\/wp-content\/uploads\/2018\/02\/kojec-bialy-1.jpg\" alt=\"\" title=\"kojec-bialy-1\" srcset=\"https:\/\/bebe-haus.ch\/wp-content\/uploads\/2018\/02\/kojec-bialy-1.jpg 1000w, https:\/\/bebe-haus.ch\/wp-content\/uploads\/2018\/02\/kojec-bialy-1-300x200.jpg 300w, https:\/\/bebe-haus.ch\/wp-content\/uploads\/2018\/02\/kojec-bialy-1-768x512.jpg 768w\" sizes=\"(max-width: 1000px) 100vw, 1000px\" \/><\/div>\r\n\t\t\t\t\t\t\t<\/div><!-- .dslc-slider -->\r\n\r\n\t\t\t\t\t\t\t\r\n\t\t\t\t\t\t<\/div><!-- .dslc-tp-gallery-slider-main -->\r\n\r\n\t\t\t\t\t<\/div><!-- .dslc-tp-gallery-slider -->\r\n\r\n\t\t\t\t\r\n\t\t\t\t<\/div><!-- .dslc-module -->\r\n\t\t\r\n\t\t<div id=\"dslc-module-cf985859cce\" class=\"dslc-module-front dslc-module-DSLC_Separator dslc-in-viewport-check dslc-in-viewport-anim-none  dslc-col dslc-1-col  dslc-module-handle-like-regular \" data-module-id=\"cf985859cce\" data-module=\"DSLC_Separator\" data-dslc-module-size=\"1\" data-dslc-anim=\"none\" data-dslc-anim-delay=\"0\" data-dslc-anim-duration=\"650\"  data-dslc-anim-easing=\"ease\" data-dslc-preset=\"none\" >\r\n\r\n\t\t\t\r\n\t\t\t\r\n\t\t\t\t\t<div class=\"dslc-separator-wrapper\">\r\n\t\t\t\t<div class=\"dslc-separator dslc-separator-style-invisible\">\r\n\t\t\t\t\t\t\t\t\t<\/div>\r\n\t\t\t\t<div><\/div>\r\n\t\t\t<\/div><!-- .dslc-separator-wrapper -->\r\n\t\t\t\r\n\t\t\t\t<\/div><!-- .dslc-module -->\r\n\t\t\r\n\t\t<div id=\"dslc-module-d79636151b6\" class=\"dslc-module-front dslc-module-DSLC_Text_Simple dslc-in-viewport-check dslc-in-viewport-anim-none  dslc-col dslc-6-col dslc-last-col  dslc-module-handle-like-regular \" data-module-id=\"d79636151b6\" data-module=\"DSLC_Text_Simple\" data-dslc-module-size=\"6\" data-dslc-anim=\"none\" data-dslc-anim-delay=\"\" data-dslc-anim-duration=\"650\"  data-dslc-anim-easing=\"ease\" data-dslc-preset=\"none\" >\r\n\r\n\t\t\t\r\n\t\t\t\r\n\t\t\r\n\t\t<div class=\"dslc-text-module-content\">\r\n\t\t\tWir bieten Stubenwagen, Betten mit Matratzen, Schr\u00e4nke, Stokke-St\u00fchle, Spielkisten bis hin zum ganzen Babyzimmer. Das Kinderzimmer von der Marke Omlin ist ausbaubar bis zur Junior-Suite.\nWenn sie sich f\u00fcr die Produkte OMLIN entscheiden, unterst\u00fctzen sie einen Hersteller im Kanton Obwalden. Diese nachhaltigen Produkte sind umweltfreundlich produziert und garantieren hervorragende Qualit\u00e4t. Vergleichen sie Preis und Leistung. Sie werden positiv \u00fcberrascht sein!\t\t<\/div>\r\n\r\n\t\t\r\n\t\t\t\t<\/div><!-- .dslc-module -->\r\n\t\t<\/div><\/div><\/div>\r\n\t\t<div  class=\"dslc-modules-section \" style=\"\" data-section-id=\"8aeac83de69\">\r\n\t\t\t\t\r\n\t\t\t\t\r\n\t\t\t\t<div class=\"dslc-modules-section-wrapper dslc-clearfix\"><div class=\"dslc-modules-area dslc-col dslc-12-col dslc-last-col\" data-size=\"12\" data-valign=\"\">\r\n\t\t<div id=\"dslc-module-4bf17e53531\" class=\"dslc-module-front dslc-module-DSLC_Text_Simple dslc-in-viewport-check dslc-in-viewport-anim-none  dslc-col dslc-12-col dslc-last-col  dslc-module-handle-like-regular \" data-module-id=\"4bf17e53531\" data-module=\"DSLC_Text_Simple\" data-dslc-module-size=\"12\" data-dslc-anim=\"none\" data-dslc-anim-delay=\"\" data-dslc-anim-duration=\"650\"  data-dslc-anim-easing=\"ease\" data-dslc-preset=\"none\" >\r\n\r\n\t\t\t\r\n\t\t\t\r\n\t\t\r\n\t\t<div class=\"dslc-text-module-content\">\r\n\t\t\t<h1><strong>Anbieter<\/strong><\/h1>\t\t<\/div>\r\n\r\n\t\t\r\n\t\t\t\t<\/div><!-- .dslc-module -->\r\n\t\t\r\n\t\t<div id=\"dslc-module-6fc21a38abd\" class=\"dslc-module-front dslc-module-DSLC_Separator dslc-in-viewport-check dslc-in-viewport-anim-none  dslc-col dslc-12-col dslc-last-col  dslc-module-handle-like-regular \" data-module-id=\"6fc21a38abd\" data-module=\"DSLC_Separator\" data-dslc-module-size=\"12\" data-dslc-anim=\"none\" data-dslc-anim-delay=\"0\" data-dslc-anim-duration=\"650\"  data-dslc-anim-easing=\"ease\" data-dslc-preset=\"none\" >\r\n\r\n\t\t\t\r\n\t\t\t\r\n\t\t\t\t\t<div class=\"dslc-separator-wrapper\">\r\n\t\t\t\t<div class=\"dslc-separator dslc-separator-style-invisible\">\r\n\t\t\t\t\t\t\t\t\t<\/div>\r\n\t\t\t\t<div><\/div>\r\n\t\t\t<\/div><!-- .dslc-separator-wrapper -->\r\n\t\t\t\r\n\t\t\t\t<\/div><!-- .dslc-module -->\r\n\t\t\r\n\t\t<div id=\"dslc-module-274846b75c6\" class=\"dslc-module-front dslc-module-DSLC_Partners dslc-in-viewport-check dslc-in-viewport-anim-none  dslc-col dslc-12-col dslc-last-col  dslc-module-handle-like-regular \" data-module-id=\"274846b75c6\" data-module=\"DSLC_Partners\" data-dslc-module-size=\"12\" data-dslc-anim=\"none\" data-dslc-anim-delay=\"\" data-dslc-anim-duration=\"650\"  data-dslc-anim-easing=\"ease\" data-dslc-preset=\"none\" >\r\n\r\n\t\t\t\r\n\t\t\t\r\n\t\t\t\t<div class=\"dslc-posts dslc-partners dslc-clearfix dslc-posts-orientation-vertical dslc-init-grid \">\r\n\r\n\t\t\t\r\n\t\t<div class=\"dslc-posts-inner\">\r\n\t<div class=\"dslc-post dslc-partner dslc-col dslc-3-col  dslc-first-col\" data-cats=\"moebel \">\r\n\r\n\t\r\n\t\t\t\t\t\t\t\t\r\n\t\t\t\t\t\t\t\t\r\n\t\t\t\t\t\t\t\t\t<div class=\"dslc-post-thumb dslc-partner-thumb dslca-post-thumb dslc-on-hover-anim\">\r\n\t\t\t\t\t\t\t\t\t\t\r\n\t\t\t\t\t\t\t\t\t\t\t\t\t\t\t\t\t\t\t\t\t\t\t\t\t\t\t\t\t\t\t\t\t<a href=\"http:\/\/www.moebel-omlin.ch\/\" class=\"\" target=\"_self\"><img width=\"150\" height=\"149\" src=\"https:\/\/bebe-haus.ch\/wp-content\/uploads\/2017\/10\/Download-e1507822772405.png\" class=\"attachment-full size-full wp-post-image\" alt=\"\" decoding=\"async\" title=\"Download\" \/><\/a>\r\n\t\t\t\t\t\t\t\t\t\t\t\t\t\t\t\t\t\t\t\t\t\r\n\t\t\t\t\t\t\t\t\t\t\r\n\t\t\t\t\t\t\t\t\t<\/div><!-- .dslc-partner-thumb -->\r\n\r\n\t\t\t\t\t\t\t\t\r\n\t\t\t\t\t\t\t\r\n\t\t\t\t\t\t\t\r\n\t\t\t\t\t\t\t\t<div class=\"dslc-post-main dslc-partner-main\">\r\n\r\n\t\t\t\t\t\t\t\t\t\r\n\t\t\t\t\t\t\t\t\t\r\n\t\t\t\t\t\t\t\t\t\t<div class=\"dslc-partner-title\">\r\n\t\t\t\t\t\t\t\t\t\t\t\t\t\t\t\t\t\t\t\t\t\t\t<h2><a href=\"http:\/\/www.moebel-omlin.ch\/\" target=\"_self\">Omlin Sachseln<\/a><\/h2>\r\n\t\t\t\t\t\t\t\t\t\t\t\t\t\t\t\t\t\t\t\t\t<\/div><!-- .dslc-partner-title -->\r\n\r\n\t\t\t\t\t\t\t\t\t\r\n\t\t\t\t\t\t\t\t\t\r\n\t\t\t\t\t\t\t\t\t\t<div class=\"dslc-partner-excerpt\">\r\n\t\t\t\t\t\t\t\t\t\t\t\t\t\t\t\t\t\t\t\t\t\t\t\t\t\t\t\t\t\t\t\t\t\t\t\t\t\t\t\t\t\t\t\t<\/div><!-- .dslc-partner-excerpt -->\r\n\r\n\t\t\t\t\t\t\t\t\t\r\n\t\t\t\t\t\t\t\t<\/div><!-- .dslc-partner-main -->\r\n\r\n\t\t\t\t\t\t\t\r\n\t\t\t\t\t\t<\/div><!-- .dslc-partner -->\r\n\r\n\t\t\t\t\t\t\r\n\t<div class=\"dslc-post dslc-partner dslc-col dslc-3-col \" data-cats=\"erstausstattung geschenkideen moebel \">\r\n\r\n\t\r\n\t\t\t\t\t\t\t\t\r\n\t\t\t\t\t\t\t\t\r\n\t\t\t\t\t\t\t\t\t<div class=\"dslc-post-thumb dslc-partner-thumb dslca-post-thumb dslc-on-hover-anim\">\r\n\t\t\t\t\t\t\t\t\t\t\r\n\t\t\t\t\t\t\t\t\t\t\t\t\t\t\t\t\t\t\t\t\t\t\t\t\t\t\t\t\t\t\t\t\t<a href=\"https:\/\/www.stokke.com\/CHE\/de-ch\/home\" class=\"\" target=\"_self\"><img width=\"150\" height=\"150\" src=\"https:\/\/bebe-haus.ch\/wp-content\/uploads\/2017\/10\/stokke-logo-200px-e1507822810104.jpg\" class=\"attachment-full size-full wp-post-image\" alt=\"\" decoding=\"async\" title=\"stokke-logo-200px\" \/><\/a>\r\n\t\t\t\t\t\t\t\t\t\t\t\t\t\t\t\t\t\t\t\t\t\r\n\t\t\t\t\t\t\t\t\t\t\r\n\t\t\t\t\t\t\t\t\t<\/div><!-- .dslc-partner-thumb -->\r\n\r\n\t\t\t\t\t\t\t\t\r\n\t\t\t\t\t\t\t\r\n\t\t\t\t\t\t\t\r\n\t\t\t\t\t\t\t\t<div class=\"dslc-post-main dslc-partner-main\">\r\n\r\n\t\t\t\t\t\t\t\t\t\r\n\t\t\t\t\t\t\t\t\t\r\n\t\t\t\t\t\t\t\t\t\t<div class=\"dslc-partner-title\">\r\n\t\t\t\t\t\t\t\t\t\t\t\t\t\t\t\t\t\t\t\t\t\t\t<h2><a href=\"https:\/\/www.stokke.com\/CHE\/de-ch\/home\" target=\"_self\">Stokke<\/a><\/h2>\r\n\t\t\t\t\t\t\t\t\t\t\t\t\t\t\t\t\t\t\t\t\t<\/div><!-- .dslc-partner-title -->\r\n\r\n\t\t\t\t\t\t\t\t\t\r\n\t\t\t\t\t\t\t\t\t\r\n\t\t\t\t\t\t\t\t\t\t<div class=\"dslc-partner-excerpt\">\r\n\t\t\t\t\t\t\t\t\t\t\t\t\t\t\t\t\t\t\t\t\t\t\t\t\t\t\t\t\t\t\t\t\t\t\t\t\t\t\t\t\t\t\t\t<\/div><!-- .dslc-partner-excerpt -->\r\n\r\n\t\t\t\t\t\t\t\t\t\r\n\t\t\t\t\t\t\t\t<\/div><!-- .dslc-partner-main -->\r\n\r\n\t\t\t\t\t\t\t\r\n\t\t\t\t\t\t<\/div><!-- .dslc-partner -->\r\n\r\n\t\t\t\t\t\t\r\n\t\t\t<\/div><!-- .dslc-posts-inner -->\r\n\r\n\t\t\t\r\n\t\t\t<\/div><!-- .dslc-partners -->\r\n\r\n\t\t\r\n\t\r\n\t\t\t\t<\/div><!-- .dslc-module -->\r\n\t\t<\/div><\/div><\/div><\/div>","protected":false},"excerpt":{"rendered":"","protected":false},"author":1,"featured_media":0,"parent":0,"menu_order":0,"comment_status":"closed","ping_status":"closed","template":"","meta":{"footnotes":""},"_links":{"self":[{"href":"https:\/\/bebe-haus.ch\/index.php?rest_route=\/wp\/v2\/pages\/21"}],"collection":[{"href":"https:\/\/bebe-haus.ch\/index.php?rest_route=\/wp\/v2\/pages"}],"about":[{"href":"https:\/\/bebe-haus.ch\/index.php?rest_route=\/wp\/v2\/types\/page"}],"author":[{"embeddable":true,"href":"https:\/\/bebe-haus.ch\/index.php?rest_route=\/wp\/v2\/users\/1"}],"replies":[{"embeddable":true,"href":"https:\/\/bebe-haus.ch\/index.php?rest_route=%2Fwp%2Fv2%2Fcomments&post=21"}],"version-history":[{"count":1,"href":"https:\/\/bebe-haus.ch\/index.php?rest_route=\/wp\/v2\/pages\/21\/revisions"}],"predecessor-version":[{"id":22,"href":"https:\/\/bebe-haus.ch\/index.php?rest_route=\/wp\/v2\/pages\/21\/revisions\/22"}],"wp:attachment":[{"href":"https:\/\/bebe-haus.ch\/index.php?rest_route=%2Fwp%2Fv2%2Fmedia&parent=21"}],"curies":[{"name":"wp","href":"https:\/\/api.w.org\/{rel}","templated":true}]}}