{"id":23,"date":"2017-08-16T14:21:20","date_gmt":"2017-08-16T14:21:20","guid":{"rendered":"http:\/\/bebe-haus.ch\/?page_id=23"},"modified":"2017-09-24T15:47:13","modified_gmt":"2017-09-24T15:47:13","slug":"autositze","status":"publish","type":"page","link":"https:\/\/bebe-haus.ch\/?page_id=23","title":{"rendered":"Autositze"},"content":{"rendered":"<div id=\"dslc-main\">\r\n\t\t<div  class=\"dslc-modules-section \" style=\"background-color:#2675c3;\" data-section-id=\"4c2099bdb15\">\r\n\t\t\t\t\r\n\t\t\t\t\r\n\t\t\t\t<div class=\"dslc-modules-section-wrapper dslc-clearfix\"><div class=\"dslc-modules-area dslc-col dslc-12-col dslc-last-col dslc-valign- \" data-size=\"12\" data-valign=\"\">\r\n\t\t<div id=\"dslc-module-dcd5a457c22\" class=\"dslc-module-front dslc-module-DSLC_Text_Simple dslc-in-viewport-check dslc-in-viewport-anim-none  dslc-col dslc-12-col dslc-last-col  dslc-module-handle-like-regular \" data-module-id=\"dcd5a457c22\" data-module=\"DSLC_Text_Simple\" data-dslc-module-size=\"12\" data-dslc-anim=\"none\" data-dslc-anim-delay=\"\" data-dslc-anim-duration=\"650\"  data-dslc-anim-easing=\"ease\" data-dslc-preset=\"none\" >\r\n\r\n\t\t\t\r\n\t\t\t\r\n\t\t\r\n\t\t<div class=\"dslc-text-module-content\">\r\n\t\t\t<h1><strong>Autositze<\/strong><\/h1>\t\t<\/div>\r\n\r\n\t\t\r\n\t\t\t\t<\/div><!-- .dslc-module -->\r\n\t\t<\/div><\/div><\/div>\r\n\t\t<div  class=\"dslc-modules-section \" style=\"\" data-section-id=\"4c2099bdb15\">\r\n\t\t\t\t\r\n\t\t\t\t\r\n\t\t\t\t<div class=\"dslc-modules-section-wrapper dslc-clearfix\"><div class=\"dslc-modules-area dslc-col dslc-12-col dslc-last-col dslc-valign- \" data-size=\"12\" data-valign=\"\">\r\n\t\t<div id=\"dslc-module-35a1aeedd9f\" class=\"dslc-module-front dslc-module-DSLC_TP_Gallery_Slider dslc-in-viewport-check dslc-in-viewport-anim-none  dslc-col dslc-5-col  dslc-module-handle-like-regular \" data-module-id=\"35a1aeedd9f\" data-module=\"DSLC_TP_Gallery_Slider\" data-dslc-module-size=\"5\" data-dslc-anim=\"none\" data-dslc-anim-delay=\"\" data-dslc-anim-duration=\"650\"  data-dslc-anim-easing=\"ease\" data-dslc-preset=\"none\" >\r\n\r\n\t\t\t\r\n\t\t\t\r\n\t\t\r\n\t\t\t<div class=\"dslc-tp-gallery-slider\">\r\n\r\n\t\t\t\t<div class=\"dslc-tp-gallery-slider-main\">\r\n\r\n\t\t\t\t\t<div class=\"dslc-loader\"><\/div>\r\n\r\n\t\t\t\t\t<div class=\"dslc-slider\"  data-animation=\"fade\" data-animation-speed=\"800\" data-autoplay=\"4500\" data-flexible-height=\"false\">\r\n\r\n\t\t\t\t\t\t<div class=\"dslc-slider-item\"><span class=\"dslc-caption\"><\/span><img class=\"\" src=\"https:\/\/bebe-haus.ch\/wp-content\/uploads\/2017\/09\/AV-304.PPRO_.06-2.jpg\" alt=\"\" title=\"AV-304.PPRO.06-2\" srcset=\"https:\/\/bebe-haus.ch\/wp-content\/uploads\/2017\/09\/AV-304.PPRO_.06-2.jpg 1200w, https:\/\/bebe-haus.ch\/wp-content\/uploads\/2017\/09\/AV-304.PPRO_.06-2-300x300.jpg 300w, https:\/\/bebe-haus.ch\/wp-content\/uploads\/2017\/09\/AV-304.PPRO_.06-2-1024x1024.jpg 1024w, https:\/\/bebe-haus.ch\/wp-content\/uploads\/2017\/09\/AV-304.PPRO_.06-2-150x150.jpg 150w, https:\/\/bebe-haus.ch\/wp-content\/uploads\/2017\/09\/AV-304.PPRO_.06-2-768x768.jpg 768w\" sizes=\"(max-width: 1200px) 100vw, 1200px\" \/><\/div><div class=\"dslc-slider-item\"><span class=\"dslc-caption\"><\/span><img class=\"\" src=\"https:\/\/bebe-haus.ch\/wp-content\/uploads\/2017\/09\/nuna_pipanext_caviar_angle_gl_web_8.webp\" alt=\"\" title=\"nuna_pipanext_caviar_angle_gl_web_8\" srcset=\"https:\/\/bebe-haus.ch\/wp-content\/uploads\/2017\/09\/nuna_pipanext_caviar_angle_gl_web_8.webp 1100w, https:\/\/bebe-haus.ch\/wp-content\/uploads\/2017\/09\/nuna_pipanext_caviar_angle_gl_web_8-300x300.webp 300w, https:\/\/bebe-haus.ch\/wp-content\/uploads\/2017\/09\/nuna_pipanext_caviar_angle_gl_web_8-1024x1024.webp 1024w, https:\/\/bebe-haus.ch\/wp-content\/uploads\/2017\/09\/nuna_pipanext_caviar_angle_gl_web_8-150x150.webp 150w, https:\/\/bebe-haus.ch\/wp-content\/uploads\/2017\/09\/nuna_pipanext_caviar_angle_gl_web_8-768x768.webp 768w\" sizes=\"(max-width: 1100px) 100vw, 1100px\" \/><\/div><div class=\"dslc-slider-item\"><span class=\"dslc-caption\"><\/span><img class=\"\" src=\"https:\/\/bebe-haus.ch\/wp-content\/uploads\/2017\/09\/nuna_pipanext_caviar_profile_dd_gl_web_2_.webp\" alt=\"\" title=\"nuna_pipanext_caviar_profile_dd_gl_web_2_\" srcset=\"https:\/\/bebe-haus.ch\/wp-content\/uploads\/2017\/09\/nuna_pipanext_caviar_profile_dd_gl_web_2_.webp 1100w, https:\/\/bebe-haus.ch\/wp-content\/uploads\/2017\/09\/nuna_pipanext_caviar_profile_dd_gl_web_2_-300x300.webp 300w, https:\/\/bebe-haus.ch\/wp-content\/uploads\/2017\/09\/nuna_pipanext_caviar_profile_dd_gl_web_2_-1024x1024.webp 1024w, https:\/\/bebe-haus.ch\/wp-content\/uploads\/2017\/09\/nuna_pipanext_caviar_profile_dd_gl_web_2_-150x150.webp 150w, https:\/\/bebe-haus.ch\/wp-content\/uploads\/2017\/09\/nuna_pipanext_caviar_profile_dd_gl_web_2_-768x768.webp 768w\" sizes=\"(max-width: 1100px) 100vw, 1100px\" \/><\/div><div class=\"dslc-slider-item\"><span class=\"dslc-caption\"><\/span><img class=\"\" src=\"https:\/\/bebe-haus.ch\/wp-content\/uploads\/2017\/09\/nuna_arranext_granite_angledegl_web.png\" alt=\"\" title=\"nuna_arranext_granite_angledegl_web\" srcset=\"https:\/\/bebe-haus.ch\/wp-content\/uploads\/2017\/09\/nuna_arranext_granite_angledegl_web.png 1100w, https:\/\/bebe-haus.ch\/wp-content\/uploads\/2017\/09\/nuna_arranext_granite_angledegl_web-300x300.png 300w, https:\/\/bebe-haus.ch\/wp-content\/uploads\/2017\/09\/nuna_arranext_granite_angledegl_web-1024x1024.png 1024w, https:\/\/bebe-haus.ch\/wp-content\/uploads\/2017\/09\/nuna_arranext_granite_angledegl_web-150x150.png 150w, https:\/\/bebe-haus.ch\/wp-content\/uploads\/2017\/09\/nuna_arranext_granite_angledegl_web-768x768.png 768w\" sizes=\"(max-width: 1100px) 100vw, 1100px\" \/><\/div><div class=\"dslc-slider-item\"><span class=\"dslc-caption\"><\/span><img class=\"\" src=\"https:\/\/bebe-haus.ch\/wp-content\/uploads\/2017\/09\/nuna_arranext_granite_profile_ghosteddegl_web.webp\" alt=\"\" title=\"nuna_arranext_granite_profile_ghosteddegl_web\" srcset=\"https:\/\/bebe-haus.ch\/wp-content\/uploads\/2017\/09\/nuna_arranext_granite_profile_ghosteddegl_web.webp 1100w, https:\/\/bebe-haus.ch\/wp-content\/uploads\/2017\/09\/nuna_arranext_granite_profile_ghosteddegl_web-300x300.webp 300w, https:\/\/bebe-haus.ch\/wp-content\/uploads\/2017\/09\/nuna_arranext_granite_profile_ghosteddegl_web-1024x1024.webp 1024w, https:\/\/bebe-haus.ch\/wp-content\/uploads\/2017\/09\/nuna_arranext_granite_profile_ghosteddegl_web-150x150.webp 150w, https:\/\/bebe-haus.ch\/wp-content\/uploads\/2017\/09\/nuna_arranext_granite_profile_ghosteddegl_web-768x768.webp 768w\" sizes=\"(max-width: 1100px) 100vw, 1100px\" \/><\/div><div class=\"dslc-slider-item\"><span class=\"dslc-caption\"><\/span><img class=\"\" src=\"https:\/\/bebe-haus.ch\/wp-content\/uploads\/2017\/09\/nuna_05252021_gl_arranext_2386_web_38f6.jpeg\" alt=\"\" title=\"nuna_05252021_gl_arranext_2386_web_38f6\" srcset=\"https:\/\/bebe-haus.ch\/wp-content\/uploads\/2017\/09\/nuna_05252021_gl_arranext_2386_web_38f6.jpeg 1100w, https:\/\/bebe-haus.ch\/wp-content\/uploads\/2017\/09\/nuna_05252021_gl_arranext_2386_web_38f6-300x300.jpeg 300w, https:\/\/bebe-haus.ch\/wp-content\/uploads\/2017\/09\/nuna_05252021_gl_arranext_2386_web_38f6-1024x1024.jpeg 1024w, https:\/\/bebe-haus.ch\/wp-content\/uploads\/2017\/09\/nuna_05252021_gl_arranext_2386_web_38f6-150x150.jpeg 150w, https:\/\/bebe-haus.ch\/wp-content\/uploads\/2017\/09\/nuna_05252021_gl_arranext_2386_web_38f6-768x768.jpeg 768w\" sizes=\"(max-width: 1100px) 100vw, 1100px\" \/><\/div><div class=\"dslc-slider-item\"><span class=\"dslc-caption\"><\/span><img class=\"\" src=\"https:\/\/bebe-haus.ch\/wp-content\/uploads\/2017\/09\/OYSTER_Gallery_ProductImage_1-1-1.jpg\" alt=\"\" title=\"OYSTER_Gallery_ProductImage_1-1-1\" srcset=\"https:\/\/bebe-haus.ch\/wp-content\/uploads\/2017\/09\/OYSTER_Gallery_ProductImage_1-1-1.jpg 700w, https:\/\/bebe-haus.ch\/wp-content\/uploads\/2017\/09\/OYSTER_Gallery_ProductImage_1-1-1-236x300.jpg 236w\" sizes=\"(max-width: 700px) 100vw, 700px\" \/><\/div><div class=\"dslc-slider-item\"><span class=\"dslc-caption\"><\/span><img class=\"\" src=\"https:\/\/bebe-haus.ch\/wp-content\/uploads\/2017\/09\/joie-i-spin-360.jpg\" alt=\"\" title=\"joie-i-spin-360\" srcset=\"https:\/\/bebe-haus.ch\/wp-content\/uploads\/2017\/09\/joie-i-spin-360.jpg 1000w, https:\/\/bebe-haus.ch\/wp-content\/uploads\/2017\/09\/joie-i-spin-360-300x300.jpg 300w, https:\/\/bebe-haus.ch\/wp-content\/uploads\/2017\/09\/joie-i-spin-360-150x150.jpg 150w, https:\/\/bebe-haus.ch\/wp-content\/uploads\/2017\/09\/joie-i-spin-360-768x768.jpg 768w\" sizes=\"(max-width: 1000px) 100vw, 1000px\" \/><\/div><div class=\"dslc-slider-item\"><span class=\"dslc-caption\"><\/span><img class=\"\" src=\"https:\/\/bebe-haus.ch\/wp-content\/uploads\/2017\/09\/joie-i-spin-360-reboarder-autositze_30.webp\" alt=\"\" title=\"joie-i-spin-360-reboarder-autositze_30\" srcset=\"https:\/\/bebe-haus.ch\/wp-content\/uploads\/2017\/09\/joie-i-spin-360-reboarder-autositze_30.webp 1024w, https:\/\/bebe-haus.ch\/wp-content\/uploads\/2017\/09\/joie-i-spin-360-reboarder-autositze_30-300x300.webp 300w, https:\/\/bebe-haus.ch\/wp-content\/uploads\/2017\/09\/joie-i-spin-360-reboarder-autositze_30-150x150.webp 150w, https:\/\/bebe-haus.ch\/wp-content\/uploads\/2017\/09\/joie-i-spin-360-reboarder-autositze_30-768x768.webp 768w\" sizes=\"(max-width: 1024px) 100vw, 1024px\" \/><\/div><div class=\"dslc-slider-item\"><span class=\"dslc-caption\"><\/span><img class=\"\" src=\"https:\/\/bebe-haus.ch\/wp-content\/uploads\/2017\/09\/1-Gallery_ProductImage_700x890-RA-insert-in-oyster-1.jpg\" alt=\"\" title=\"1-Gallery_ProductImage_700x890-RA-insert-in-oyster-1\" srcset=\"https:\/\/bebe-haus.ch\/wp-content\/uploads\/2017\/09\/1-Gallery_ProductImage_700x890-RA-insert-in-oyster-1.jpg 700w, https:\/\/bebe-haus.ch\/wp-content\/uploads\/2017\/09\/1-Gallery_ProductImage_700x890-RA-insert-in-oyster-1-236x300.jpg 236w\" sizes=\"(max-width: 700px) 100vw, 700px\" \/><\/div><div class=\"dslc-slider-item\"><span class=\"dslc-caption\"><\/span><img class=\"\" src=\"https:\/\/bebe-haus.ch\/wp-content\/uploads\/2017\/09\/182702.jpg\" alt=\"\" title=\"182702\" srcset=\"https:\/\/bebe-haus.ch\/wp-content\/uploads\/2017\/09\/182702.jpg 600w, https:\/\/bebe-haus.ch\/wp-content\/uploads\/2017\/09\/182702-300x300.jpg 300w, https:\/\/bebe-haus.ch\/wp-content\/uploads\/2017\/09\/182702-150x150.jpg 150w\" sizes=\"(max-width: 600px) 100vw, 600px\" \/><\/div><div class=\"dslc-slider-item\"><span class=\"dslc-caption\"><\/span><img class=\"\" src=\"https:\/\/bebe-haus.ch\/wp-content\/uploads\/2017\/09\/Nuna_AACElx_Ocean_Angle_HRD_SIP_GL_shadow_web_d93f.webp\" alt=\"\" title=\"Nuna_AACElx_Ocean_Angle_HRD_SIP_GL_shadow_web_d93f\" srcset=\"https:\/\/bebe-haus.ch\/wp-content\/uploads\/2017\/09\/Nuna_AACElx_Ocean_Angle_HRD_SIP_GL_shadow_web_d93f.webp 800w, https:\/\/bebe-haus.ch\/wp-content\/uploads\/2017\/09\/Nuna_AACElx_Ocean_Angle_HRD_SIP_GL_shadow_web_d93f-300x300.webp 300w, https:\/\/bebe-haus.ch\/wp-content\/uploads\/2017\/09\/Nuna_AACElx_Ocean_Angle_HRD_SIP_GL_shadow_web_d93f-150x150.webp 150w, https:\/\/bebe-haus.ch\/wp-content\/uploads\/2017\/09\/Nuna_AACElx_Ocean_Angle_HRD_SIP_GL_shadow_web_d93f-768x768.webp 768w\" sizes=\"(max-width: 800px) 100vw, 800px\" \/><\/div><div class=\"dslc-slider-item\"><span class=\"dslc-caption\"><\/span><img class=\"\" src=\"https:\/\/bebe-haus.ch\/wp-content\/uploads\/2017\/09\/Nuna_AACElx_Ocean_Profile_HRU_Recline_2_GL_shadow_web_36b8.webp\" alt=\"\" title=\"Nuna_AACElx_Ocean_Profile_HRU_Recline_2_GL_shadow_web_36b8\" srcset=\"https:\/\/bebe-haus.ch\/wp-content\/uploads\/2017\/09\/Nuna_AACElx_Ocean_Profile_HRU_Recline_2_GL_shadow_web_36b8.webp 800w, https:\/\/bebe-haus.ch\/wp-content\/uploads\/2017\/09\/Nuna_AACElx_Ocean_Profile_HRU_Recline_2_GL_shadow_web_36b8-300x300.webp 300w, https:\/\/bebe-haus.ch\/wp-content\/uploads\/2017\/09\/Nuna_AACElx_Ocean_Profile_HRU_Recline_2_GL_shadow_web_36b8-150x150.webp 150w, https:\/\/bebe-haus.ch\/wp-content\/uploads\/2017\/09\/Nuna_AACElx_Ocean_Profile_HRU_Recline_2_GL_shadow_web_36b8-768x768.webp 768w\" sizes=\"(max-width: 800px) 100vw, 800px\" \/><\/div>\r\n\t\t\t\t\t\t\t<\/div><!-- .dslc-slider -->\r\n\r\n\t\t\t\t\t\t\t\r\n\t\t\t\t\t\t<\/div><!-- .dslc-tp-gallery-slider-main -->\r\n\r\n\t\t\t\t\t<\/div><!-- .dslc-tp-gallery-slider -->\r\n\r\n\t\t\t\t\r\n\t\t\t\t<\/div><!-- .dslc-module -->\r\n\t\t\r\n\t\t<div id=\"dslc-module-63c32a67b02\" class=\"dslc-module-front dslc-module-DSLC_Separator dslc-in-viewport-check dslc-in-viewport-anim-none  dslc-col dslc-1-col  dslc-module-handle-like-regular \" data-module-id=\"63c32a67b02\" data-module=\"DSLC_Separator\" data-dslc-module-size=\"1\" data-dslc-anim=\"none\" data-dslc-anim-delay=\"0\" data-dslc-anim-duration=\"650\"  data-dslc-anim-easing=\"ease\" data-dslc-preset=\"none\" >\r\n\r\n\t\t\t\r\n\t\t\t\r\n\t\t\t\t\t<div class=\"dslc-separator-wrapper\">\r\n\t\t\t\t<div class=\"dslc-separator dslc-separator-style-invisible\">\r\n\t\t\t\t\t\t\t\t\t<\/div>\r\n\t\t\t\t<div><\/div>\r\n\t\t\t<\/div><!-- .dslc-separator-wrapper -->\r\n\t\t\t\r\n\t\t\t\t<\/div><!-- .dslc-module -->\r\n\t\t\r\n\t\t<div id=\"dslc-module-d82b116053c\" class=\"dslc-module-front dslc-module-DSLC_Text_Simple dslc-in-viewport-check dslc-in-viewport-anim-none  dslc-col dslc-6-col dslc-last-col  dslc-module-handle-like-regular \" data-module-id=\"d82b116053c\" data-module=\"DSLC_Text_Simple\" data-dslc-module-size=\"6\" data-dslc-anim=\"none\" data-dslc-anim-delay=\"\" data-dslc-anim-duration=\"650\"  data-dslc-anim-easing=\"ease\" data-dslc-preset=\"none\" >\r\n\r\n\t\t\t\r\n\t\t\t\r\n\t\t\r\n\t\t<div class=\"dslc-text-module-content\">\r\n\t\t\t<p>R\u00fcckw\u00e4rtsgerichtete Autositze f\u00fcr Kinder haben sich als bis zu f\u00fcnfmal sicherer als vorw\u00e4rtsgerichtete Kindersitze erwiesen. Leider sehen wir jedoch h\u00e4ufig, dass kleinere Kinder viel zu fr\u00fch vorw\u00e4rtsgerichtet im Auto mitfahren. Egal, welches Design der Kindersitz hat, der Schutz des Kindes muss immer die oberste Priorit\u00e4t haben, um den wachsenden Kinderk\u00f6rper vor Gef\u00e4hrdungen bestm\u00f6glich zu sch\u00fctzen.<\/p><p>F\u00fcr die Sicherheit unserer Kinder unternehmen wir alles. Das Bebehaus-Team von Wyl besucht alle relevanten Kurse um nur die besten, sichersten und aktuellsten Produkte von Autositzen unseren Kunden anbieten zu k\u00f6nnen. Lassen sie sich von unserer langj\u00e4hrigen Erfahrung \u00fcberzeugen.<\/p><p>Gerne montieren wir ihren gew\u00e4hlten Autositz direkt in ihrem Auto. Sie k\u00f6nnen vor unserem Gesch\u00e4ft parkieren und wenn Fragen auftauchen oder Sie unsicher sind ob alles richtig eingestellt ist, sind wir jederzeit f\u00fcr Sie da.<\/p>\t\t<\/div>\r\n\r\n\t\t\r\n\t\t\t\t<\/div><!-- .dslc-module -->\r\n\t\t<\/div><\/div><\/div>\r\n\t\t<div  class=\"dslc-modules-section \" style=\"\" data-section-id=\"7a533523975\">\r\n\t\t\t\t\r\n\t\t\t\t\r\n\t\t\t\t<div class=\"dslc-modules-section-wrapper dslc-clearfix\"><div class=\"dslc-modules-area dslc-col dslc-12-col dslc-last-col dslc-valign- \" data-size=\"12\" data-valign=\"\">\r\n\t\t<div id=\"dslc-module-014a58e5474\" class=\"dslc-module-front dslc-module-DSLC_Text_Simple dslc-in-viewport-check dslc-in-viewport-anim-none  dslc-col dslc-12-col dslc-last-col  dslc-module-handle-like-regular \" data-module-id=\"014a58e5474\" data-module=\"DSLC_Text_Simple\" data-dslc-module-size=\"12\" data-dslc-anim=\"none\" data-dslc-anim-delay=\"\" data-dslc-anim-duration=\"650\"  data-dslc-anim-easing=\"ease\" data-dslc-preset=\"none\" >\r\n\r\n\t\t\t\r\n\t\t\t\r\n\t\t\r\n\t\t<div class=\"dslc-text-module-content\">\r\n\t\t\t<h1><strong>Anbieter<\/strong><\/h1>\t\t<\/div>\r\n\r\n\t\t\r\n\t\t\t\t<\/div><!-- .dslc-module -->\r\n\t\t\r\n\t\t<div id=\"dslc-module-186d19a66e9\" class=\"dslc-module-front dslc-module-DSLC_Separator dslc-in-viewport-check dslc-in-viewport-anim-none  dslc-col dslc-12-col dslc-last-col  dslc-module-handle-like-regular \" data-module-id=\"186d19a66e9\" data-module=\"DSLC_Separator\" data-dslc-module-size=\"12\" data-dslc-anim=\"none\" data-dslc-anim-delay=\"0\" data-dslc-anim-duration=\"650\"  data-dslc-anim-easing=\"ease\" data-dslc-preset=\"none\" >\r\n\r\n\t\t\t\r\n\t\t\t\r\n\t\t\t\t\t<div class=\"dslc-separator-wrapper\">\r\n\t\t\t\t<div class=\"dslc-separator dslc-separator-style-invisible\">\r\n\t\t\t\t\t\t\t\t\t<\/div>\r\n\t\t\t\t<div><\/div>\r\n\t\t\t<\/div><!-- .dslc-separator-wrapper -->\r\n\t\t\t\r\n\t\t\t\t<\/div><!-- .dslc-module -->\r\n\t\t\r\n\t\t<div id=\"dslc-module-791468b3e53\" class=\"dslc-module-front dslc-module-DSLC_Partners dslc-in-viewport-check dslc-in-viewport-anim-none  dslc-col dslc-12-col dslc-last-col  dslc-module-handle-like-regular \" data-module-id=\"791468b3e53\" data-module=\"DSLC_Partners\" data-dslc-module-size=\"12\" data-dslc-anim=\"none\" data-dslc-anim-delay=\"\" data-dslc-anim-duration=\"650\"  data-dslc-anim-easing=\"ease\" data-dslc-preset=\"none\" >\r\n\r\n\t\t\t\r\n\t\t\t\r\n\t\t\t\t<div class=\"dslc-posts dslc-partners dslc-clearfix dslc-posts-orientation-vertical dslc-init-grid \">\r\n\r\n\t\t\t\r\n\t\t<div class=\"dslc-posts-inner\">\r\n\t<div class=\"dslc-post dslc-partner dslc-col dslc-2-col  dslc-first-col\" data-cats=\"autositze \">\r\n\r\n\t\r\n\t\t\t\t\t\t\t\t\r\n\t\t\t\t\t\t\t\t\r\n\t\t\t\t\t\t\t\t\t<div class=\"dslc-post-thumb dslc-partner-thumb dslca-post-thumb dslc-on-hover-anim\">\r\n\t\t\t\t\t\t\t\t\t\t\r\n\t\t\t\t\t\t\t\t\t\t\t\t\t\t\t\t\t\t\t\t\t\t\t\t\t\t\t\t\t\t\t\t\t<a href=\"https:\/\/bebe-haus.ch\/?dslc_partners=avionaut\" class=\"\" target=\"_self\"><img width=\"858\" height=\"390\" src=\"https:\/\/bebe-haus.ch\/wp-content\/uploads\/2022\/12\/avionaut_logo.png\" class=\"attachment-full size-full wp-post-image\" alt=\"\" decoding=\"async\" title=\"avionaut_logo\" srcset=\"https:\/\/bebe-haus.ch\/wp-content\/uploads\/2022\/12\/avionaut_logo.png 858w, https:\/\/bebe-haus.ch\/wp-content\/uploads\/2022\/12\/avionaut_logo-300x136.png 300w, https:\/\/bebe-haus.ch\/wp-content\/uploads\/2022\/12\/avionaut_logo-768x349.png 768w\" sizes=\"(max-width: 858px) 100vw, 858px\" \/><\/a>\r\n\t\t\t\t\t\t\t\t\t\t\t\t\t\t\t\t\t\t\t\t\t\r\n\t\t\t\t\t\t\t\t\t\t\r\n\t\t\t\t\t\t\t\t\t<\/div><!-- .dslc-partner-thumb -->\r\n\r\n\t\t\t\t\t\t\t\t\r\n\t\t\t\t\t\t\t\r\n\t\t\t\t\t\t\t\r\n\t\t\t\t\t\t<\/div><!-- .dslc-partner -->\r\n\r\n\t\t\t\t\t\t\r\n\t<div class=\"dslc-post dslc-partner dslc-col dslc-2-col \" data-cats=\"autositze kinderwagen \">\r\n\r\n\t\r\n\t\t\t\t\t\t\t\t\r\n\t\t\t\t\t\t\t\t\r\n\t\t\t\t\t\t\t\t\t<div class=\"dslc-post-thumb dslc-partner-thumb dslca-post-thumb dslc-on-hover-anim\">\r\n\t\t\t\t\t\t\t\t\t\t\r\n\t\t\t\t\t\t\t\t\t\t\t\t\t\t\t\t\t\t\t\t\t\t\t\t\t\t\t\t\t\t\t\t\t<a href=\"https:\/\/bebe-haus.ch\/?dslc_partners=joie-2\" class=\"\" target=\"_self\"><img width=\"1838\" height=\"762\" src=\"https:\/\/bebe-haus.ch\/wp-content\/uploads\/2018\/02\/joie_notab_mango.png\" class=\"attachment-full size-full wp-post-image\" alt=\"\" decoding=\"async\" title=\"joie_notab_mango\" srcset=\"https:\/\/bebe-haus.ch\/wp-content\/uploads\/2018\/02\/joie_notab_mango.png 1838w, https:\/\/bebe-haus.ch\/wp-content\/uploads\/2018\/02\/joie_notab_mango-300x124.png 300w, https:\/\/bebe-haus.ch\/wp-content\/uploads\/2018\/02\/joie_notab_mango-768x318.png 768w, https:\/\/bebe-haus.ch\/wp-content\/uploads\/2018\/02\/joie_notab_mango-1024x425.png 1024w\" sizes=\"(max-width: 1838px) 100vw, 1838px\" \/><\/a>\r\n\t\t\t\t\t\t\t\t\t\t\t\t\t\t\t\t\t\t\t\t\t\r\n\t\t\t\t\t\t\t\t\t\t\r\n\t\t\t\t\t\t\t\t\t<\/div><!-- .dslc-partner-thumb -->\r\n\r\n\t\t\t\t\t\t\t\t\r\n\t\t\t\t\t\t\t\r\n\t\t\t\t\t\t\t\r\n\t\t\t\t\t\t<\/div><!-- .dslc-partner -->\r\n\r\n\t\t\t\t\t\t\r\n\t\t\t<\/div><!-- .dslc-posts-inner -->\r\n\r\n\t\t\t\r\n\t\t\t<\/div><!-- .dslc-partners -->\r\n\r\n\t\t\r\n\t\r\n\t\t\t\t<\/div><!-- .dslc-module -->\r\n\t\t<\/div><\/div><\/div><\/div>","protected":false},"excerpt":{"rendered":"","protected":false},"author":1,"featured_media":0,"parent":0,"menu_order":0,"comment_status":"closed","ping_status":"closed","template":"","meta":{"footnotes":""},"_links":{"self":[{"href":"https:\/\/bebe-haus.ch\/index.php?rest_route=\/wp\/v2\/pages\/23"}],"collection":[{"href":"https:\/\/bebe-haus.ch\/index.php?rest_route=\/wp\/v2\/pages"}],"about":[{"href":"https:\/\/bebe-haus.ch\/index.php?rest_route=\/wp\/v2\/types\/page"}],"author":[{"embeddable":true,"href":"https:\/\/bebe-haus.ch\/index.php?rest_route=\/wp\/v2\/users\/1"}],"replies":[{"embeddable":true,"href":"https:\/\/bebe-haus.ch\/index.php?rest_route=%2Fwp%2Fv2%2Fcomments&post=23"}],"version-history":[{"count":1,"href":"https:\/\/bebe-haus.ch\/index.php?rest_route=\/wp\/v2\/pages\/23\/revisions"}],"predecessor-version":[{"id":24,"href":"https:\/\/bebe-haus.ch\/index.php?rest_route=\/wp\/v2\/pages\/23\/revisions\/24"}],"wp:attachment":[{"href":"https:\/\/bebe-haus.ch\/index.php?rest_route=%2Fwp%2Fv2%2Fmedia&parent=23"}],"curies":[{"name":"wp","href":"https:\/\/api.w.org\/{rel}","templated":true}]}}