{"id":27,"date":"2017-08-16T14:22:01","date_gmt":"2017-08-16T14:22:01","guid":{"rendered":"http:\/\/bebe-haus.ch\/?page_id=27"},"modified":"2017-09-24T16:04:03","modified_gmt":"2017-09-24T16:04:03","slug":"taufe-feste","status":"publish","type":"page","link":"https:\/\/bebe-haus.ch\/?page_id=27","title":{"rendered":"Taufe &#038; Feste"},"content":{"rendered":"<div id=\"dslc-main\">\r\n\t\t<div  class=\"dslc-modules-section \" style=\"background-color:#2675c3;\" data-section-id=\"937f821390a\">\r\n\t\t\t\t\r\n\t\t\t\t\r\n\t\t\t\t<div class=\"dslc-modules-section-wrapper dslc-clearfix\"><div class=\"dslc-modules-area dslc-col dslc-12-col dslc-last-col\" data-size=\"12\" data-valign=\"\">\r\n\t\t<div id=\"dslc-module-b9712ee8e2a\" class=\"dslc-module-front dslc-module-DSLC_Text_Simple dslc-in-viewport-check dslc-in-viewport-anim-none  dslc-col dslc-12-col dslc-last-col  dslc-module-handle-like-regular \" data-module-id=\"b9712ee8e2a\" data-module=\"DSLC_Text_Simple\" data-dslc-module-size=\"12\" data-dslc-anim=\"none\" data-dslc-anim-delay=\"\" data-dslc-anim-duration=\"650\"  data-dslc-anim-easing=\"ease\" data-dslc-preset=\"none\" >\r\n\r\n\t\t\t\r\n\t\t\t\r\n\t\t\r\n\t\t<div class=\"dslc-text-module-content\">\r\n\t\t\t<h1><strong>Taufe & Feste<\/strong><\/h1>\t\t<\/div>\r\n\r\n\t\t\r\n\t\t\t\t<\/div><!-- .dslc-module -->\r\n\t\t<\/div><\/div><\/div>\r\n\t\t<div  class=\"dslc-modules-section \" style=\"\" data-section-id=\"af4d5e89a15\">\r\n\t\t\t\t\r\n\t\t\t\t\r\n\t\t\t\t<div class=\"dslc-modules-section-wrapper dslc-clearfix\"><div class=\"dslc-modules-area dslc-col dslc-12-col dslc-last-col\" data-size=\"12\" data-valign=\"\">\r\n\t\t<div id=\"dslc-module-f7c503c32e4\" class=\"dslc-module-front dslc-module-DSLC_TP_Gallery_Slider dslc-in-viewport-check dslc-in-viewport-anim-none  dslc-col dslc-5-col  dslc-module-handle-like-regular \" data-module-id=\"f7c503c32e4\" data-module=\"DSLC_TP_Gallery_Slider\" data-dslc-module-size=\"5\" data-dslc-anim=\"none\" data-dslc-anim-delay=\"\" data-dslc-anim-duration=\"650\"  data-dslc-anim-easing=\"ease\" data-dslc-preset=\"none\" >\r\n\r\n\t\t\t\r\n\t\t\t\r\n\t\t\r\n\t\t\t<div class=\"dslc-tp-gallery-slider\">\r\n\r\n\t\t\t\t<div class=\"dslc-tp-gallery-slider-main\">\r\n\r\n\t\t\t\t\t<div class=\"dslc-loader\"><\/div>\r\n\r\n\t\t\t\t\t<div class=\"dslc-slider\"  data-animation=\"fade\" data-animation-speed=\"800\" data-autoplay=\"4500\" data-flexible-height=\"false\">\r\n\r\n\t\t\t\t\t\t<div class=\"dslc-slider-item\"><span class=\"dslc-caption\"><\/span><img class=\"\" src=\"https:\/\/bebe-haus.ch\/wp-content\/uploads\/2018\/07\/1729_0.jpg\" alt=\"\" title=\"1729_0\" srcset=\"https:\/\/bebe-haus.ch\/wp-content\/uploads\/2018\/07\/1729_0.jpg 526w, https:\/\/bebe-haus.ch\/wp-content\/uploads\/2018\/07\/1729_0-247x300.jpg 247w\" sizes=\"(max-width: 526px) 100vw, 526px\" \/><\/div><div class=\"dslc-slider-item\"><span class=\"dslc-caption\"><\/span><img class=\"\" src=\"https:\/\/bebe-haus.ch\/wp-content\/uploads\/2018\/07\/Tauf-Stirnband-Gabriele.jpg\" alt=\"\" title=\"Tauf-Stirnband-Gabriele\" srcset=\"https:\/\/bebe-haus.ch\/wp-content\/uploads\/2018\/07\/Tauf-Stirnband-Gabriele.jpg 1024w, https:\/\/bebe-haus.ch\/wp-content\/uploads\/2018\/07\/Tauf-Stirnband-Gabriele-150x150.jpg 150w, https:\/\/bebe-haus.ch\/wp-content\/uploads\/2018\/07\/Tauf-Stirnband-Gabriele-300x300.jpg 300w, https:\/\/bebe-haus.ch\/wp-content\/uploads\/2018\/07\/Tauf-Stirnband-Gabriele-768x768.jpg 768w\" sizes=\"(max-width: 1024px) 100vw, 1024px\" \/><\/div><div class=\"dslc-slider-item\"><span class=\"dslc-caption\"><\/span><img class=\"\" src=\"https:\/\/bebe-haus.ch\/wp-content\/uploads\/2018\/07\/1734_0.jpg\" alt=\"\" title=\"1734_0\" srcset=\"https:\/\/bebe-haus.ch\/wp-content\/uploads\/2018\/07\/1734_0.jpg 481w, https:\/\/bebe-haus.ch\/wp-content\/uploads\/2018\/07\/1734_0-225x300.jpg 225w\" sizes=\"(max-width: 481px) 100vw, 481px\" \/><\/div><div class=\"dslc-slider-item\"><span class=\"dslc-caption\"><\/span><img class=\"\" src=\"https:\/\/bebe-haus.ch\/wp-content\/uploads\/2017\/10\/15056340_1167609633286754_6796362781257345385_n.jpg\" alt=\"\" title=\"15056340_1167609633286754_6796362781257345385_n\" srcset=\"https:\/\/bebe-haus.ch\/wp-content\/uploads\/2017\/10\/15056340_1167609633286754_6796362781257345385_n.jpg 702w, https:\/\/bebe-haus.ch\/wp-content\/uploads\/2017\/10\/15056340_1167609633286754_6796362781257345385_n-219x300.jpg 219w\" sizes=\"(max-width: 702px) 100vw, 702px\" \/><\/div>\r\n\t\t\t\t\t\t\t<\/div><!-- .dslc-slider -->\r\n\r\n\t\t\t\t\t\t\t\r\n\t\t\t\t\t\t<\/div><!-- .dslc-tp-gallery-slider-main -->\r\n\r\n\t\t\t\t\t<\/div><!-- .dslc-tp-gallery-slider -->\r\n\r\n\t\t\t\t\r\n\t\t\t\t<\/div><!-- .dslc-module -->\r\n\t\t\r\n\t\t<div id=\"dslc-module-9abea94453f\" class=\"dslc-module-front dslc-module-DSLC_Separator dslc-in-viewport-check dslc-in-viewport-anim-none  dslc-col dslc-1-col  dslc-module-handle-like-regular \" data-module-id=\"9abea94453f\" data-module=\"DSLC_Separator\" data-dslc-module-size=\"1\" data-dslc-anim=\"none\" data-dslc-anim-delay=\"0\" data-dslc-anim-duration=\"650\"  data-dslc-anim-easing=\"ease\" data-dslc-preset=\"none\" >\r\n\r\n\t\t\t\r\n\t\t\t\r\n\t\t\t\t\t<div class=\"dslc-separator-wrapper\">\r\n\t\t\t\t<div class=\"dslc-separator dslc-separator-style-invisible\">\r\n\t\t\t\t\t\t\t\t\t<\/div>\r\n\t\t\t\t<div><\/div>\r\n\t\t\t<\/div><!-- .dslc-separator-wrapper -->\r\n\t\t\t\r\n\t\t\t\t<\/div><!-- .dslc-module -->\r\n\t\t\r\n\t\t<div id=\"dslc-module-b2c1ab349ea\" class=\"dslc-module-front dslc-module-DSLC_Text_Simple dslc-in-viewport-check dslc-in-viewport-anim-none  dslc-col dslc-6-col dslc-last-col  dslc-module-handle-like-regular \" data-module-id=\"b2c1ab349ea\" data-module=\"DSLC_Text_Simple\" data-dslc-module-size=\"6\" data-dslc-anim=\"none\" data-dslc-anim-delay=\"\" data-dslc-anim-duration=\"650\"  data-dslc-anim-easing=\"ease\" data-dslc-preset=\"none\" >\r\n\r\n\t\t\t\r\n\t\t\t\r\n\t\t\r\n\t\t<div class=\"dslc-text-module-content\">\r\n\t\t\tWir bieten ihnen Taufkleider zur Miete an. Dazu f\u00fchren wir eine festliche Bekleidungs-Kollektion, um ihnen den unvergesslichen Tag zu versch\u00f6nern. F\u00fcr die Auswahl eines passenden Geschenkes k\u00f6nnen wir Ihnen behilflich sein.\t\t<\/div>\r\n\r\n\t\t\r\n\t\t\t\t<\/div><!-- .dslc-module -->\r\n\t\t<\/div><\/div><\/div>\r\n\t\t<div  class=\"dslc-modules-section \" style=\"\" data-section-id=\"af4d5e89a15\">\r\n\t\t\t\t\r\n\t\t\t\t\r\n\t\t\t\t<div class=\"dslc-modules-section-wrapper dslc-clearfix\"><div class=\"dslc-modules-area dslc-col dslc-12-col dslc-last-col\" data-size=\"12\" data-valign=\"\">\r\n\t\t<div id=\"dslc-module-31b606242b7\" class=\"dslc-module-front dslc-module-DSLC_Text_Simple dslc-in-viewport-check dslc-in-viewport-anim-none  dslc-col dslc-12-col dslc-last-col  dslc-module-handle-like-regular \" data-module-id=\"31b606242b7\" data-module=\"DSLC_Text_Simple\" data-dslc-module-size=\"12\" data-dslc-anim=\"none\" data-dslc-anim-delay=\"\" data-dslc-anim-duration=\"650\"  data-dslc-anim-easing=\"ease\" data-dslc-preset=\"none\" >\r\n\r\n\t\t\t\r\n\t\t\t\r\n\t\t\r\n\t\t<div class=\"dslc-text-module-content\">\r\n\t\t\t<h1><strong>Anbieter<\/strong><\/h1>\t\t<\/div>\r\n\r\n\t\t\r\n\t\t\t\t<\/div><!-- .dslc-module -->\r\n\t\t\r\n\t\t<div id=\"dslc-module-505b0912002\" class=\"dslc-module-front dslc-module-DSLC_Separator dslc-in-viewport-check dslc-in-viewport-anim-none  dslc-col dslc-12-col dslc-last-col  dslc-module-handle-like-regular \" data-module-id=\"505b0912002\" data-module=\"DSLC_Separator\" data-dslc-module-size=\"12\" data-dslc-anim=\"none\" data-dslc-anim-delay=\"0\" data-dslc-anim-duration=\"650\"  data-dslc-anim-easing=\"ease\" data-dslc-preset=\"none\" >\r\n\r\n\t\t\t\r\n\t\t\t\r\n\t\t\t\t\t<div class=\"dslc-separator-wrapper\">\r\n\t\t\t\t<div class=\"dslc-separator dslc-separator-style-invisible\">\r\n\t\t\t\t\t\t\t\t\t<\/div>\r\n\t\t\t\t<div><\/div>\r\n\t\t\t<\/div><!-- .dslc-separator-wrapper -->\r\n\t\t\t\r\n\t\t\t\t<\/div><!-- .dslc-module -->\r\n\t\t\r\n\t\t<div id=\"dslc-module-b2ef9f069a8\" class=\"dslc-module-front dslc-module-DSLC_Partners dslc-in-viewport-check dslc-in-viewport-anim-none  dslc-col dslc-12-col dslc-last-col  dslc-module-handle-like-regular \" data-module-id=\"b2ef9f069a8\" data-module=\"DSLC_Partners\" data-dslc-module-size=\"12\" data-dslc-anim=\"none\" data-dslc-anim-delay=\"\" data-dslc-anim-duration=\"650\"  data-dslc-anim-easing=\"ease\" data-dslc-preset=\"none\" >\r\n\r\n\t\t\t\r\n\t\t\t\r\n\t\t\t\t<div class=\"dslc-posts dslc-partners dslc-clearfix dslc-posts-orientation-vertical dslc-init-grid \">\r\n\r\n\t\t\t\r\n\t\t<div class=\"dslc-posts-inner\">\r\n\t<div class=\"dslc-post dslc-partner dslc-col dslc-2-col  dslc-first-col\" data-cats=\"bekleidung \">\r\n\r\n\t\r\n\t\t\t\t\t\t\t\t\r\n\t\t\t\t\t\t\t\t\r\n\t\t\t\t\t\t\t\t\t<div class=\"dslc-post-thumb dslc-partner-thumb dslca-post-thumb dslc-on-hover-anim\">\r\n\t\t\t\t\t\t\t\t\t\t\r\n\t\t\t\t\t\t\t\t\t\t\t\t\t\t\t\t\t\t\t\t\t\t\t\t\t\t\t\t\t\t\t\t\t<img width=\"450\" height=\"150\" src=\"https:\/\/bebe-haus.ch\/wp-content\/uploads\/2018\/07\/logo.gif\" class=\"attachment-full size-full wp-post-image\" alt=\"\" decoding=\"async\" title=\"logo\" \/>\t\t\t\t\t\t\t\t\t\t\t\t\t\t\t\t\t\t\t\t\t\r\n\t\t\t\t\t\t\t\t\t\t\r\n\t\t\t\t\t\t\t\t\t<\/div><!-- .dslc-partner-thumb -->\r\n\r\n\t\t\t\t\t\t\t\t\r\n\t\t\t\t\t\t\t\r\n\t\t\t\t\t\t\t\r\n\t\t\t\t\t\t<\/div><!-- .dslc-partner -->\r\n\r\n\t\t\t\t\t\t\r\n\t<div class=\"dslc-post dslc-partner dslc-col dslc-2-col \" data-cats=\"erstausstattung geschenkideen \">\r\n\r\n\t\r\n\t\t\t\t\t\t\t\t\r\n\t\t\t\t\t\t\t\t\r\n\t\t\t\t\t\t\t\t\t<div class=\"dslc-post-thumb dslc-partner-thumb dslca-post-thumb dslc-on-hover-anim\">\r\n\t\t\t\t\t\t\t\t\t\t\r\n\t\t\t\t\t\t\t\t\t\t\t\t\t\t\t\t\t\t\t\t\t\t\t\t\t\t\t\t\t\t\t\t\t<img width=\"225\" height=\"225\" src=\"https:\/\/bebe-haus.ch\/wp-content\/uploads\/2017\/10\/images.png\" class=\"attachment-full size-full wp-post-image\" alt=\"\" decoding=\"async\" title=\"images\" srcset=\"https:\/\/bebe-haus.ch\/wp-content\/uploads\/2017\/10\/images.png 225w, https:\/\/bebe-haus.ch\/wp-content\/uploads\/2017\/10\/images-150x150.png 150w\" sizes=\"(max-width: 225px) 100vw, 225px\" \/>\t\t\t\t\t\t\t\t\t\t\t\t\t\t\t\t\t\t\t\t\t\r\n\t\t\t\t\t\t\t\t\t\t\r\n\t\t\t\t\t\t\t\t\t<\/div><!-- .dslc-partner-thumb -->\r\n\r\n\t\t\t\t\t\t\t\t\r\n\t\t\t\t\t\t\t\r\n\t\t\t\t\t\t\t\r\n\t\t\t\t\t\t<\/div><!-- .dslc-partner -->\r\n\r\n\t\t\t\t\t\t\r\n\t<div class=\"dslc-post dslc-partner dslc-col dslc-2-col \" data-cats=\"bekleidung geschenkideen \">\r\n\r\n\t\r\n\t\t\t\t\t\t\t\t\r\n\t\t\t\t\t\t\t\t\r\n\t\t\t\t\t\t\t\t\t<div class=\"dslc-post-thumb dslc-partner-thumb dslca-post-thumb dslc-on-hover-anim\">\r\n\t\t\t\t\t\t\t\t\t\t\r\n\t\t\t\t\t\t\t\t\t\t\t\t\t\t\t\t\t\t\t\t\t\t\t\t\t\t\t\t\t\t\t\t\t<img width=\"200\" height=\"200\" src=\"https:\/\/bebe-haus.ch\/wp-content\/uploads\/2018\/02\/sterntaler_3.jpg\" class=\"attachment-full size-full wp-post-image\" alt=\"\" decoding=\"async\" title=\"sterntaler_3\" srcset=\"https:\/\/bebe-haus.ch\/wp-content\/uploads\/2018\/02\/sterntaler_3.jpg 200w, https:\/\/bebe-haus.ch\/wp-content\/uploads\/2018\/02\/sterntaler_3-150x150.jpg 150w\" sizes=\"(max-width: 200px) 100vw, 200px\" \/>\t\t\t\t\t\t\t\t\t\t\t\t\t\t\t\t\t\t\t\t\t\r\n\t\t\t\t\t\t\t\t\t\t\r\n\t\t\t\t\t\t\t\t\t<\/div><!-- .dslc-partner-thumb -->\r\n\r\n\t\t\t\t\t\t\t\t\r\n\t\t\t\t\t\t\t\r\n\t\t\t\t\t\t\t\r\n\t\t\t\t\t\t<\/div><!-- .dslc-partner -->\r\n\r\n\t\t\t\t\t\t\r\n\t<div class=\"dslc-post dslc-partner dslc-col dslc-2-col \" data-cats=\"bekleidung \">\r\n\r\n\t\r\n\t\t\t\t\t\t\t\t\r\n\t\t\t\t\t\t\t\t\r\n\t\t\t\t\t\t\t\t\t<div class=\"dslc-post-thumb dslc-partner-thumb dslca-post-thumb dslc-on-hover-anim\">\r\n\t\t\t\t\t\t\t\t\t\t\r\n\t\t\t\t\t\t\t\t\t\t\t\t\t\t\t\t\t\t\t\t\t\t\t\t\t\t\t\t\t\t\t\t\t<img width=\"225\" height=\"224\" src=\"https:\/\/bebe-haus.ch\/wp-content\/uploads\/2018\/02\/images.jpg\" class=\"attachment-full size-full wp-post-image\" alt=\"\" decoding=\"async\" title=\"images\" srcset=\"https:\/\/bebe-haus.ch\/wp-content\/uploads\/2018\/02\/images.jpg 225w, https:\/\/bebe-haus.ch\/wp-content\/uploads\/2018\/02\/images-150x150.jpg 150w\" sizes=\"(max-width: 225px) 100vw, 225px\" \/>\t\t\t\t\t\t\t\t\t\t\t\t\t\t\t\t\t\t\t\t\t\r\n\t\t\t\t\t\t\t\t\t\t\r\n\t\t\t\t\t\t\t\t\t<\/div><!-- .dslc-partner-thumb -->\r\n\r\n\t\t\t\t\t\t\t\t\r\n\t\t\t\t\t\t\t\r\n\t\t\t\t\t\t\t\r\n\t\t\t\t\t\t<\/div><!-- .dslc-partner -->\r\n\r\n\t\t\t\t\t\t\r\n\t<div class=\"dslc-post dslc-partner dslc-col dslc-2-col \" data-cats=\"bekleidung geschenkideen \">\r\n\r\n\t\r\n\t\t\t\t\t\t\t\t\r\n\t\t\t\t\t\t\t\t\r\n\t\t\t\t\t\t\t\t\t<div class=\"dslc-post-thumb dslc-partner-thumb dslca-post-thumb dslc-on-hover-anim\">\r\n\t\t\t\t\t\t\t\t\t\t\r\n\t\t\t\t\t\t\t\t\t\t\t\t\t\t\t\t\t\t\t\t\t\t\t\t\t\t\t\t\t\t\t\t\t<img width=\"600\" height=\"159\" src=\"https:\/\/bebe-haus.ch\/wp-content\/uploads\/2018\/02\/Babyface_logo.png\" class=\"attachment-full size-full wp-post-image\" alt=\"\" decoding=\"async\" title=\"Babyface_logo\" srcset=\"https:\/\/bebe-haus.ch\/wp-content\/uploads\/2018\/02\/Babyface_logo.png 600w, https:\/\/bebe-haus.ch\/wp-content\/uploads\/2018\/02\/Babyface_logo-300x80.png 300w\" sizes=\"(max-width: 600px) 100vw, 600px\" \/>\t\t\t\t\t\t\t\t\t\t\t\t\t\t\t\t\t\t\t\t\t\r\n\t\t\t\t\t\t\t\t\t\t\r\n\t\t\t\t\t\t\t\t\t<\/div><!-- .dslc-partner-thumb -->\r\n\r\n\t\t\t\t\t\t\t\t\r\n\t\t\t\t\t\t\t\r\n\t\t\t\t\t\t\t\r\n\t\t\t\t\t\t<\/div><!-- .dslc-partner -->\r\n\r\n\t\t\t\t\t\t\r\n\t\t\t<\/div><!-- .dslc-posts-inner -->\r\n\r\n\t\t\t\r\n\t\t\t<\/div><!-- .dslc-partners -->\r\n\r\n\t\t\r\n\t\r\n\t\t\t\t<\/div><!-- .dslc-module -->\r\n\t\t<\/div><\/div><\/div><\/div>","protected":false},"excerpt":{"rendered":"","protected":false},"author":1,"featured_media":0,"parent":0,"menu_order":0,"comment_status":"closed","ping_status":"closed","template":"","meta":{"footnotes":""},"_links":{"self":[{"href":"https:\/\/bebe-haus.ch\/index.php?rest_route=\/wp\/v2\/pages\/27"}],"collection":[{"href":"https:\/\/bebe-haus.ch\/index.php?rest_route=\/wp\/v2\/pages"}],"about":[{"href":"https:\/\/bebe-haus.ch\/index.php?rest_route=\/wp\/v2\/types\/page"}],"author":[{"embeddable":true,"href":"https:\/\/bebe-haus.ch\/index.php?rest_route=\/wp\/v2\/users\/1"}],"replies":[{"embeddable":true,"href":"https:\/\/bebe-haus.ch\/index.php?rest_route=%2Fwp%2Fv2%2Fcomments&post=27"}],"version-history":[{"count":1,"href":"https:\/\/bebe-haus.ch\/index.php?rest_route=\/wp\/v2\/pages\/27\/revisions"}],"predecessor-version":[{"id":28,"href":"https:\/\/bebe-haus.ch\/index.php?rest_route=\/wp\/v2\/pages\/27\/revisions\/28"}],"wp:attachment":[{"href":"https:\/\/bebe-haus.ch\/index.php?rest_route=%2Fwp%2Fv2%2Fmedia&parent=27"}],"curies":[{"name":"wp","href":"https:\/\/api.w.org\/{rel}","templated":true}]}}